{"id":298,"date":"2022-07-25T18:15:00","date_gmt":"2022-07-25T18:15:00","guid":{"rendered":"https:\/\/ncds.sk\/?page_id=298"},"modified":"2022-07-25T18:50:47","modified_gmt":"2022-07-25T18:50:47","slug":"diabetes-diabetes-mellitus-2-typu","status":"publish","type":"page","link":"https:\/\/www.ncds.sk\/base\/?page_id=298","title":{"rendered":"Diabetes Diabetes mellitus 2. typu"},"content":{"rendered":"\t\t<div data-elementor-type=\"wp-page\" data-elementor-id=\"298\" class=\"elementor elementor-298\">\n\t\t\t\t\t\t\t\t\t<section class=\"elementor-section elementor-top-section elementor-element elementor-element-7e9de52 elementor-section-boxed elementor-section-height-default elementor-section-height-default\" data-id=\"7e9de52\" data-element_type=\"section\" data-settings=\"{&quot;_ha_eqh_enable&quot;:false}\">\n\t\t\t\t\t\t<div class=\"elementor-container elementor-column-gap-default\">\n\t\t\t\t\t<div class=\"elementor-column elementor-col-100 elementor-top-column elementor-element elementor-element-09b73ae\" data-id=\"09b73ae\" data-element_type=\"column\">\n\t\t\t<div class=\"elementor-widget-wrap elementor-element-populated\">\n\t\t\t\t\t\t\t\t<div class=\"elementor-element elementor-element-4dcbbc7 elementor-widget elementor-widget-heading\" data-id=\"4dcbbc7\" data-element_type=\"widget\" data-widget_type=\"heading.default\">\n\t\t\t\t<div class=\"elementor-widget-container\">\n\t\t\t<style>\/*! elementor - v3.6.5 - 27-04-2022 *\/\n.elementor-heading-title{padding:0;margin:0;line-height:1}.elementor-widget-heading .elementor-heading-title[class*=elementor-size-]>a{color:inherit;font-size:inherit;line-height:inherit}.elementor-widget-heading .elementor-heading-title.elementor-size-small{font-size:15px}.elementor-widget-heading .elementor-heading-title.elementor-size-medium{font-size:19px}.elementor-widget-heading .elementor-heading-title.elementor-size-large{font-size:29px}.elementor-widget-heading .elementor-heading-title.elementor-size-xl{font-size:39px}.elementor-widget-heading .elementor-heading-title.elementor-size-xxl{font-size:59px}<\/style><h2 class=\"elementor-heading-title elementor-size-default\">Diabetes mellitus 2. typu  | T2DM<\/h2>\t\t<\/div>\n\t\t\t\t<\/div>\n\t\t\t\t\t<\/div>\n\t\t<\/div>\n\t\t\t\t\t\t\t<\/div>\n\t\t<\/section>\n\t\t\t\t<section class=\"elementor-section elementor-top-section elementor-element elementor-element-62f28ab elementor-section-boxed elementor-section-height-default elementor-section-height-default\" data-id=\"62f28ab\" data-element_type=\"section\" data-settings=\"{&quot;_ha_eqh_enable&quot;:false}\">\n\t\t\t\t\t\t<div class=\"elementor-container elementor-column-gap-default\">\n\t\t\t\t\t<div class=\"elementor-column elementor-col-50 elementor-top-column elementor-element elementor-element-a59884a\" data-id=\"a59884a\" data-element_type=\"column\">\n\t\t\t<div class=\"elementor-widget-wrap elementor-element-populated\">\n\t\t\t\t\t\t\t\t<div class=\"elementor-element elementor-element-42276b3 elementor-widget elementor-widget-text-editor\" data-id=\"42276b3\" data-element_type=\"widget\" data-widget_type=\"text-editor.default\">\n\t\t\t\t<div class=\"elementor-widget-container\">\n\t\t\t<style>\/*! elementor - v3.6.5 - 27-04-2022 *\/\n.elementor-widget-text-editor.elementor-drop-cap-view-stacked .elementor-drop-cap{background-color:#818a91;color:#fff}.elementor-widget-text-editor.elementor-drop-cap-view-framed .elementor-drop-cap{color:#818a91;border:3px solid;background-color:transparent}.elementor-widget-text-editor:not(.elementor-drop-cap-view-default) .elementor-drop-cap{margin-top:8px}.elementor-widget-text-editor:not(.elementor-drop-cap-view-default) .elementor-drop-cap-letter{width:1em;height:1em}.elementor-widget-text-editor .elementor-drop-cap{float:left;text-align:center;line-height:1;font-size:50px}.elementor-widget-text-editor .elementor-drop-cap-letter{display:inline-block}<\/style>\t\t\t\t<p>Pod\u013ea na\u0161ej hypot\u00e9zy, pravdepodobnou prim\u00e1rnou pr\u00ed\u010dinou diabetu II. typu (T2DM) je naru\u0161enie spr\u00e1vnej funkcie gastrointestin\u00e1lneho traktu (GIT).\u00a0<\/p><p>Anal\u00fdzou obsahu hrub\u00e9ho \u010dreva bolo zisten\u00e9, \u017ee ho ob\u00fdvaj\u00fa r\u00f4zne druhy bakt\u00e9ri\u00ed (200 a\u017e 400 r\u00f4znych druhov) v objeme 1 \u2013 1,5 kg.\u00a0<\/p><p>U\u017eitie v\u00e4\u010d\u0161\u00edch d\u00e1vok antibiot\u00edk, dlhodob\u00e9 u\u017e\u00edvanie liekov proti bolesti, chemoterapeutick\u00e1 lie\u010dba, at\u010f., m\u00f4\u017eu sp\u00f4sobi\u0165 zni\u010denie ur\u010dit\u00fdch druhov bakt\u00e9ri\u00ed. Procesy ved\u00face k zni\u010deniu niektor\u00fdch bakteri\u00e1lnych kme\u0148ov ob\u00fdvaj\u00facich hrub\u00e9 \u010drevo vyvol\u00e1vaj\u00fa patol\u00f3giu, ktor\u00fa naz\u00fdvame \u010drevn\u00e1 dysbi\u00f3za (v\u00fdchodn\u00e1 medic\u00edna pou\u017e\u00edva slovo dysbakteri\u00f3za).<\/p>\t\t\t\t\t\t<\/div>\n\t\t\t\t<\/div>\n\t\t\t\t\t<\/div>\n\t\t<\/div>\n\t\t\t\t<div class=\"elementor-column elementor-col-50 elementor-top-column elementor-element elementor-element-d9226e3\" data-id=\"d9226e3\" data-element_type=\"column\">\n\t\t\t<div class=\"elementor-widget-wrap elementor-element-populated\">\n\t\t\t\t\t\t\t\t<div class=\"elementor-element elementor-element-ce285ae elementor-widget elementor-widget-image\" data-id=\"ce285ae\" data-element_type=\"widget\" data-widget_type=\"image.default\">\n\t\t\t\t<div class=\"elementor-widget-container\">\n\t\t\t<style>\/*! elementor - v3.6.5 - 27-04-2022 *\/\n.elementor-widget-image{text-align:center}.elementor-widget-image a{display:inline-block}.elementor-widget-image a img[src$=\".svg\"]{width:48px}.elementor-widget-image img{vertical-align:middle;display:inline-block}<\/style>\t\t\t\t\t\t\t\t\t\t\t\t<img loading=\"lazy\" decoding=\"async\" width=\"996\" height=\"480\" src=\"https:\/\/www.ncds.sk\/base\/wp-content\/uploads\/2022\/07\/xo558bdeefa00ea-diabetes2022015-1.jpg.pagespeed.ic_.nyD7D0zUy9-1.jpg\" class=\"attachment-large size-large\" alt=\"\" srcset=\"https:\/\/www.ncds.sk\/base\/wp-content\/uploads\/2022\/07\/xo558bdeefa00ea-diabetes2022015-1.jpg.pagespeed.ic_.nyD7D0zUy9-1.jpg 996w, https:\/\/www.ncds.sk\/base\/wp-content\/uploads\/2022\/07\/xo558bdeefa00ea-diabetes2022015-1.jpg.pagespeed.ic_.nyD7D0zUy9-1-300x145.jpg 300w, https:\/\/www.ncds.sk\/base\/wp-content\/uploads\/2022\/07\/xo558bdeefa00ea-diabetes2022015-1.jpg.pagespeed.ic_.nyD7D0zUy9-1-768x370.jpg 768w, https:\/\/www.ncds.sk\/base\/wp-content\/uploads\/2022\/07\/xo558bdeefa00ea-diabetes2022015-1.jpg.pagespeed.ic_.nyD7D0zUy9-1-600x289.jpg 600w\" sizes=\"auto, (max-width: 996px) 100vw, 996px\" \/>\t\t\t\t\t\t\t\t\t\t\t\t\t\t\t<\/div>\n\t\t\t\t<\/div>\n\t\t\t\t\t<\/div>\n\t\t<\/div>\n\t\t\t\t\t\t\t<\/div>\n\t\t<\/section>\n\t\t\t\t<section class=\"elementor-section elementor-top-section elementor-element elementor-element-119e828 elementor-section-boxed elementor-section-height-default elementor-section-height-default\" data-id=\"119e828\" data-element_type=\"section\" data-settings=\"{&quot;_ha_eqh_enable&quot;:false}\">\n\t\t\t\t\t\t<div class=\"elementor-container elementor-column-gap-default\">\n\t\t\t\t\t<div class=\"elementor-column elementor-col-100 elementor-top-column elementor-element elementor-element-8a8217b\" data-id=\"8a8217b\" data-element_type=\"column\">\n\t\t\t<div class=\"elementor-widget-wrap elementor-element-populated\">\n\t\t\t\t\t\t\t\t<div class=\"elementor-element elementor-element-f8c653a elementor-widget elementor-widget-text-editor\" data-id=\"f8c653a\" data-element_type=\"widget\" data-widget_type=\"text-editor.default\">\n\t\t\t\t<div class=\"elementor-widget-container\">\n\t\t\t\t\t\t\t<p>\u010crevn\u00e1 dysbi\u00f3za m\u00e1 za d\u00f4sledok zv\u00fd\u0161enie tvorby plynov v hrubom \u010dreve, predov\u0161etk\u00fdm CO2, ktor\u00fd sa neust\u00e1le resorbuje v kapil\u00e1rnom syst\u00e9me obop\u00ednaj\u00facom \u010drevo. Pri T2DM m\u00f4\u017eeme dlhodobo v krvi pacientov z d\u00f4sledku \u010drevnej dysbi\u00f3zy namera\u0165 zv\u00fd\u0161en\u00fa hladinu CO2.\u00a0<\/p><p>Je pravdepodobn\u00e9, \u017ee pr\u00e1ve dlhodob\u00e9 naru\u0161enie homeost\u00e1zy CO2 v krvi vedie k vzniku inzul\u00ednovej intolerancii a teda k T2DM. Beta bunky pankreasu s\u00edce tvoria inzul\u00edn, ten v\u0161ak nem\u00e1 schopnos\u0165 preda\u0165 sign\u00e1l pri jeho naviazan\u00ed sa na inzul\u00ednov\u00fd receptor bunky (IR).\u00a0<\/p><p>Samotn\u00e9 zlyhanie prenosu sign\u00e1lu m\u00e1 za d\u00f4sledok, \u017ee ned\u00f4jde k zv\u00fd\u0161eniu synt\u00e9zy inzul\u00edn-z\u00e1visl\u00e9ho gluk\u00f3zov\u00e9ho transport\u00e9ra GLUT 4 bunkou. Ak by prenos sign\u00e1lu p\u00e1ru inzul\u00edn-inzul\u00ednov\u00fd receptor bol dosta\u010duj\u00faci, do\u0161lo by k zv\u00fd\u0161enej tvorbe GLUT 4 a n\u00e1sledne prostredn\u00edctvom exocyt\u00f3zy k jeho exprimovaniu na povrchu bunky, kde GLUT 4 \u00fa\u010dinkuje ako vychyt\u00e1va\u010d molek\u00fal gluk\u00f3zy z extracelul\u00e1rneho priestoru a jeho n\u00e1sledn\u00e9mu transportu do vn\u00fatra bunky, \u010do zapr\u00ed\u010din\u00ed zn\u00ed\u017eenie hladiny cukru v krvi.<\/p>\t\t\t\t\t\t<\/div>\n\t\t\t\t<\/div>\n\t\t\t\t\t<\/div>\n\t\t<\/div>\n\t\t\t\t\t\t\t<\/div>\n\t\t<\/section>\n\t\t\t\t<section class=\"elementor-section elementor-top-section elementor-element elementor-element-04df8a6 elementor-section-boxed elementor-section-height-default elementor-section-height-default\" data-id=\"04df8a6\" data-element_type=\"section\" data-settings=\"{&quot;_ha_eqh_enable&quot;:false}\">\n\t\t\t\t\t\t<div class=\"elementor-container elementor-column-gap-default\">\n\t\t\t\t\t<div class=\"elementor-column elementor-col-100 elementor-top-column elementor-element elementor-element-2d97003\" data-id=\"2d97003\" data-element_type=\"column\">\n\t\t\t<div class=\"elementor-widget-wrap elementor-element-populated\">\n\t\t\t\t\t\t\t\t<div class=\"elementor-element elementor-element-e61b36d elementor-widget-divider--view-line elementor-widget elementor-widget-divider\" data-id=\"e61b36d\" data-element_type=\"widget\" data-widget_type=\"divider.default\">\n\t\t\t\t<div class=\"elementor-widget-container\">\n\t\t\t<style>\/*! elementor - v3.6.5 - 27-04-2022 *\/\n.elementor-widget-divider{--divider-border-style:none;--divider-border-width:1px;--divider-color:#2c2c2c;--divider-icon-size:20px;--divider-element-spacing:10px;--divider-pattern-height:24px;--divider-pattern-size:20px;--divider-pattern-url:none;--divider-pattern-repeat:repeat-x}.elementor-widget-divider .elementor-divider{display:-webkit-box;display:-ms-flexbox;display:flex}.elementor-widget-divider .elementor-divider__text{font-size:15px;line-height:1;max-width:95%}.elementor-widget-divider .elementor-divider__element{margin:0 var(--divider-element-spacing);-ms-flex-negative:0;flex-shrink:0}.elementor-widget-divider .elementor-icon{font-size:var(--divider-icon-size)}.elementor-widget-divider .elementor-divider-separator{display:-webkit-box;display:-ms-flexbox;display:flex;margin:0;direction:ltr}.elementor-widget-divider--view-line_icon .elementor-divider-separator,.elementor-widget-divider--view-line_text .elementor-divider-separator{-webkit-box-align:center;-ms-flex-align:center;align-items:center}.elementor-widget-divider--view-line_icon .elementor-divider-separator:after,.elementor-widget-divider--view-line_icon .elementor-divider-separator:before,.elementor-widget-divider--view-line_text .elementor-divider-separator:after,.elementor-widget-divider--view-line_text .elementor-divider-separator:before{display:block;content:\"\";border-bottom:0;-webkit-box-flex:1;-ms-flex-positive:1;flex-grow:1;border-top:var(--divider-border-width) var(--divider-border-style) var(--divider-color)}.elementor-widget-divider--element-align-left .elementor-divider .elementor-divider-separator>.elementor-divider__svg:first-of-type{-webkit-box-flex:0;-ms-flex-positive:0;flex-grow:0;-ms-flex-negative:100;flex-shrink:100}.elementor-widget-divider--element-align-left .elementor-divider-separator:before{content:none}.elementor-widget-divider--element-align-left .elementor-divider__element{margin-left:0}.elementor-widget-divider--element-align-right .elementor-divider .elementor-divider-separator>.elementor-divider__svg:last-of-type{-webkit-box-flex:0;-ms-flex-positive:0;flex-grow:0;-ms-flex-negative:100;flex-shrink:100}.elementor-widget-divider--element-align-right .elementor-divider-separator:after{content:none}.elementor-widget-divider--element-align-right .elementor-divider__element{margin-right:0}.elementor-widget-divider:not(.elementor-widget-divider--view-line_text):not(.elementor-widget-divider--view-line_icon) .elementor-divider-separator{border-top:var(--divider-border-width) var(--divider-border-style) var(--divider-color)}.elementor-widget-divider--separator-type-pattern{--divider-border-style:none}.elementor-widget-divider--separator-type-pattern.elementor-widget-divider--view-line .elementor-divider-separator,.elementor-widget-divider--separator-type-pattern:not(.elementor-widget-divider--view-line) .elementor-divider-separator:after,.elementor-widget-divider--separator-type-pattern:not(.elementor-widget-divider--view-line) .elementor-divider-separator:before,.elementor-widget-divider--separator-type-pattern:not([class*=elementor-widget-divider--view]) .elementor-divider-separator{width:100%;min-height:var(--divider-pattern-height);-webkit-mask-size:var(--divider-pattern-size) 100%;mask-size:var(--divider-pattern-size) 100%;-webkit-mask-repeat:var(--divider-pattern-repeat);mask-repeat:var(--divider-pattern-repeat);background-color:var(--divider-color);-webkit-mask-image:var(--divider-pattern-url);mask-image:var(--divider-pattern-url)}.elementor-widget-divider--no-spacing{--divider-pattern-size:auto}.elementor-widget-divider--bg-round{--divider-pattern-repeat:round}.rtl .elementor-widget-divider .elementor-divider__text{direction:rtl}<\/style>\t\t<div class=\"elementor-divider\">\n\t\t\t<span class=\"elementor-divider-separator\">\n\t\t\t\t\t\t<\/span>\n\t\t<\/div>\n\t\t\t\t<\/div>\n\t\t\t\t<\/div>\n\t\t\t\t\t<\/div>\n\t\t<\/div>\n\t\t\t\t\t\t\t<\/div>\n\t\t<\/section>\n\t\t\t\t<section class=\"elementor-section elementor-top-section elementor-element elementor-element-b15119f elementor-section-boxed elementor-section-height-default elementor-section-height-default\" data-id=\"b15119f\" data-element_type=\"section\" data-settings=\"{&quot;_ha_eqh_enable&quot;:false}\">\n\t\t\t\t\t\t<div class=\"elementor-container elementor-column-gap-default\">\n\t\t\t\t\t<div class=\"elementor-column elementor-col-100 elementor-top-column elementor-element elementor-element-5c51819\" data-id=\"5c51819\" data-element_type=\"column\">\n\t\t\t<div class=\"elementor-widget-wrap elementor-element-populated\">\n\t\t\t\t\t\t\t\t<div class=\"elementor-element elementor-element-fb847b4 elementor-widget elementor-widget-eael-creative-button\" data-id=\"fb847b4\" data-element_type=\"widget\" data-widget_type=\"eael-creative-button.default\">\n\t\t\t\t<div class=\"elementor-widget-container\">\n\t\t\t        <div class=\"eael-creative-button-wrapper\">\n\n            <a class=\"eael-creative-button eael-creative-button--default\" href=\"#\" data-text=\"\">\n\n                <div class=\"creative-button-inner\">\n\n                                            <span class=\"eael-creative-button-icon-left\"><i aria-hidden=\"true\" class=\"icon icon-cursor\"><\/i><\/span>                    \n                    <span class=\"cretive-button-text\">Viac o pr\u00ed\u010dine vzniku ochorenia Diabetes mellitus sa dozviete tu.<\/span>\n\n                                    <\/div>\n            <\/a>\n        <\/div>\n\t\t<\/div>\n\t\t\t\t<\/div>\n\t\t\t\t\t<\/div>\n\t\t<\/div>\n\t\t\t\t\t\t\t<\/div>\n\t\t<\/section>\n\t\t\t\t<section class=\"elementor-section elementor-top-section elementor-element elementor-element-cde2b88 elementor-section-boxed elementor-section-height-default elementor-section-height-default\" data-id=\"cde2b88\" data-element_type=\"section\" data-settings=\"{&quot;_ha_eqh_enable&quot;:false}\">\n\t\t\t\t\t\t<div class=\"elementor-container elementor-column-gap-default\">\n\t\t\t\t\t<div class=\"elementor-column elementor-col-100 elementor-top-column elementor-element elementor-element-0015777\" data-id=\"0015777\" data-element_type=\"column\">\n\t\t\t<div class=\"elementor-widget-wrap elementor-element-populated\">\n\t\t\t\t\t\t\t\t<div class=\"elementor-element elementor-element-320dd3f elementor-widget-divider--view-line elementor-widget elementor-widget-divider\" data-id=\"320dd3f\" data-element_type=\"widget\" data-widget_type=\"divider.default\">\n\t\t\t\t<div class=\"elementor-widget-container\">\n\t\t\t\t\t<div class=\"elementor-divider\">\n\t\t\t<span class=\"elementor-divider-separator\">\n\t\t\t\t\t\t<\/span>\n\t\t<\/div>\n\t\t\t\t<\/div>\n\t\t\t\t<\/div>\n\t\t\t\t\t<\/div>\n\t\t<\/div>\n\t\t\t\t\t\t\t<\/div>\n\t\t<\/section>\n\t\t\t\t<section class=\"elementor-section elementor-top-section elementor-element elementor-element-f35a4cd elementor-section-boxed elementor-section-height-default elementor-section-height-default\" data-id=\"f35a4cd\" data-element_type=\"section\" data-settings=\"{&quot;_ha_eqh_enable&quot;:false}\">\n\t\t\t\t\t\t<div class=\"elementor-container elementor-column-gap-default\">\n\t\t\t\t\t<div class=\"elementor-column elementor-col-100 elementor-top-column elementor-element elementor-element-a11791c\" data-id=\"a11791c\" data-element_type=\"column\">\n\t\t\t<div class=\"elementor-widget-wrap elementor-element-populated\">\n\t\t\t\t\t\t\t\t<div class=\"elementor-element elementor-element-b7194f0 elementor-widget elementor-widget-heading\" data-id=\"b7194f0\" data-element_type=\"widget\" data-widget_type=\"heading.default\">\n\t\t\t\t<div class=\"elementor-widget-container\">\n\t\t\t<h2 class=\"elementor-heading-title elementor-size-default\">Ako sme na tom s T2DM na Slovensku? \u200b<\/h2>\t\t<\/div>\n\t\t\t\t<\/div>\n\t\t\t\t\t<\/div>\n\t\t<\/div>\n\t\t\t\t\t\t\t<\/div>\n\t\t<\/section>\n\t\t\t\t<section class=\"elementor-section elementor-top-section elementor-element elementor-element-94c1d57 elementor-section-boxed elementor-section-height-default elementor-section-height-default\" data-id=\"94c1d57\" data-element_type=\"section\" data-settings=\"{&quot;_ha_eqh_enable&quot;:false}\">\n\t\t\t\t\t\t<div class=\"elementor-container elementor-column-gap-default\">\n\t\t\t\t\t<div class=\"elementor-column elementor-col-50 elementor-top-column elementor-element elementor-element-3d29289\" data-id=\"3d29289\" data-element_type=\"column\">\n\t\t\t<div class=\"elementor-widget-wrap elementor-element-populated\">\n\t\t\t\t\t\t\t\t<div class=\"elementor-element elementor-element-3171e65 elementor-widget elementor-widget-text-editor\" data-id=\"3171e65\" data-element_type=\"widget\" data-widget_type=\"text-editor.default\">\n\t\t\t\t<div class=\"elementor-widget-container\">\n\t\t\t\t\t\t\t<p>Pod\u013ea N\u00e1rodn\u00e9ho centra zdravotn\u00edckych inform\u00e1ci\u00ed SR v\u00a0roku 2012 najpo\u010detnej\u0161ou formou DM je DM II. typu (E11), ktor\u00fd tvor\u00ed a\u017e 90 % v\u0161etk\u00fdch pr\u00edpadov diabetu. V\u00a0roku 2012 bolo evidovan\u00fdch 308\u00a0965 os\u00f4b s\u00a0touto diagn\u00f3zou. Pribli\u017ene 10 tis\u00edc z\u00a0t\u00fdchto pacientov m\u00e1 u\u017e otvoren\u00e9 rany na doln\u00fdch kon\u010datin\u00e1ch a\u00a0okolo 4 tis\u00edc u\u017e podst\u00fapi chirurgick\u00fd z\u00e1krok.<\/p>\t\t\t\t\t\t<\/div>\n\t\t\t\t<\/div>\n\t\t\t\t\t<\/div>\n\t\t<\/div>\n\t\t\t\t<div class=\"elementor-column elementor-col-50 elementor-top-column elementor-element elementor-element-524e91f\" data-id=\"524e91f\" data-element_type=\"column\">\n\t\t\t<div class=\"elementor-widget-wrap elementor-element-populated\">\n\t\t\t\t\t\t\t\t<div class=\"elementor-element elementor-element-5c19af8 elementor-widget elementor-widget-image\" data-id=\"5c19af8\" data-element_type=\"widget\" data-widget_type=\"image.default\">\n\t\t\t\t<div class=\"elementor-widget-container\">\n\t\t\t\t\t\t\t\t\t\t\t\t\t\t\t<img loading=\"lazy\" decoding=\"async\" width=\"1024\" height=\"529\" src=\"https:\/\/www.ncds.sk\/base\/wp-content\/uploads\/2022\/07\/Slovakia_location_map.svg_-1024x529.png\" class=\"attachment-large size-large\" alt=\"\" srcset=\"https:\/\/www.ncds.sk\/base\/wp-content\/uploads\/2022\/07\/Slovakia_location_map.svg_-1024x529.png 1024w, https:\/\/www.ncds.sk\/base\/wp-content\/uploads\/2022\/07\/Slovakia_location_map.svg_-300x155.png 300w, https:\/\/www.ncds.sk\/base\/wp-content\/uploads\/2022\/07\/Slovakia_location_map.svg_-768x397.png 768w, https:\/\/www.ncds.sk\/base\/wp-content\/uploads\/2022\/07\/Slovakia_location_map.svg_-1536x793.png 1536w, https:\/\/www.ncds.sk\/base\/wp-content\/uploads\/2022\/07\/Slovakia_location_map.svg_-2048x1058.png 2048w, https:\/\/www.ncds.sk\/base\/wp-content\/uploads\/2022\/07\/Slovakia_location_map.svg_-600x310.png 600w\" sizes=\"auto, (max-width: 1024px) 100vw, 1024px\" \/>\t\t\t\t\t\t\t\t\t\t\t\t\t\t\t<\/div>\n\t\t\t\t<\/div>\n\t\t\t\t\t<\/div>\n\t\t<\/div>\n\t\t\t\t\t\t\t<\/div>\n\t\t<\/section>\n\t\t\t\t<section class=\"elementor-section elementor-top-section elementor-element elementor-element-9178a72 elementor-section-boxed elementor-section-height-default elementor-section-height-default\" data-id=\"9178a72\" data-element_type=\"section\" data-settings=\"{&quot;_ha_eqh_enable&quot;:false}\">\n\t\t\t\t\t\t<div class=\"elementor-container elementor-column-gap-default\">\n\t\t\t\t\t<div class=\"elementor-column elementor-col-100 elementor-top-column elementor-element elementor-element-a81c932\" data-id=\"a81c932\" data-element_type=\"column\">\n\t\t\t<div class=\"elementor-widget-wrap elementor-element-populated\">\n\t\t\t\t\t\t\t\t<div class=\"elementor-element elementor-element-d72b788 elementor-widget elementor-widget-spacer\" data-id=\"d72b788\" data-element_type=\"widget\" data-widget_type=\"spacer.default\">\n\t\t\t\t<div class=\"elementor-widget-container\">\n\t\t\t<style>\/*! elementor - v3.6.5 - 27-04-2022 *\/\n.e-container.e-container--row .elementor-spacer-inner{width:var(--spacer-size)}.e-container.e-container--column .elementor-spacer-inner,.elementor-column .elementor-spacer-inner{height:var(--spacer-size)}<\/style>\t\t<div class=\"elementor-spacer\">\n\t\t\t<div class=\"elementor-spacer-inner\"><\/div>\n\t\t<\/div>\n\t\t\t\t<\/div>\n\t\t\t\t<\/div>\n\t\t\t\t\t<\/div>\n\t\t<\/div>\n\t\t\t\t\t\t\t<\/div>\n\t\t<\/section>\n\t\t\t\t<section class=\"elementor-section elementor-top-section elementor-element elementor-element-972b5a5 elementor-section-boxed elementor-section-height-default elementor-section-height-default\" data-id=\"972b5a5\" data-element_type=\"section\" data-settings=\"{&quot;_ha_eqh_enable&quot;:false}\">\n\t\t\t\t\t\t<div class=\"elementor-container elementor-column-gap-default\">\n\t\t\t\t\t<div class=\"elementor-column elementor-col-100 elementor-top-column elementor-element elementor-element-b71541e\" data-id=\"b71541e\" data-element_type=\"column\">\n\t\t\t<div class=\"elementor-widget-wrap elementor-element-populated\">\n\t\t\t\t\t\t\t\t<div class=\"elementor-element elementor-element-09b84c9 content-align-cta-default elementor-widget elementor-widget-eael-cta-box\" data-id=\"09b84c9\" data-element_type=\"widget\" data-widget_type=\"eael-cta-box.default\">\n\t\t\t\t<div class=\"elementor-widget-container\">\n\t\t\t\t\t<div class=\"eael-call-to-action cta-basic bg-lite cta-preset-1\">\n        <h2 class=\"title\">Objednajte Sa Na Neinvaz\u00edvne Vy\u0161etrenie U\u017e Dnes<\/h2><p><p>Nav\u0161t\u00edvte n\u00e1s a ziskajte v\u0161etky v\u00fdhody modernej neinvaz\u00edvnej diagnostiky.<\/p><\/p><a href=\"http:\/\/\" class=\"cta-button  \">Objedna\u0165 sa<\/a>\t<\/div>\n\t\t\t\t\t\t<\/div>\n\t\t\t\t<\/div>\n\t\t\t\t\t<\/div>\n\t\t<\/div>\n\t\t\t\t\t\t\t<\/div>\n\t\t<\/section>\n\t\t\t\t\t\t\t<\/div>\n\t\t","protected":false},"excerpt":{"rendered":"<p>Diabetes mellitus 2. typu | T2DM Pod\u013ea na\u0161ej hypot\u00e9zy, pravdepodobnou prim\u00e1rnou pr\u00ed\u010dinou diabetu II. typu (T2DM) je naru\u0161enie spr\u00e1vnej funkcie gastrointestin\u00e1lneho traktu (GIT).\u00a0 Anal\u00fdzou obsahu hrub\u00e9ho \u010dreva bolo zisten\u00e9, \u017ee ho ob\u00fdvaj\u00fa r\u00f4zne druhy bakt\u00e9ri\u00ed (200 a\u017e 400 r\u00f4znych druhov) v objeme 1 \u2013 1,5 kg.\u00a0 U\u017eitie v\u00e4\u010d\u0161\u00edch d\u00e1vok antibiot\u00edk, dlhodob\u00e9 u\u017e\u00edvanie liekov proti bolesti, chemoterapeutick\u00e1 lie\u010dba, at\u010f., m\u00f4\u017eu sp\u00f4sobi\u0165 zni\u010denie ur\u010dit\u00fdch druhov bakt\u00e9ri\u00ed. Procesy ved\u00face k zni\u010deniu niektor\u00fdch bakteri\u00e1lnych kme\u0148ov ob\u00fdvaj\u00facich hrub\u00e9 \u010drevo vyvol\u00e1vaj\u00fa patol\u00f3giu, ktor\u00fa naz\u00fdvame \u010drevn\u00e1 dysbi\u00f3za (v\u00fdchodn\u00e1 medic\u00edna pou\u017e\u00edva slovo dysbakteri\u00f3za). \u010crevn\u00e1 dysbi\u00f3za m\u00e1 za d\u00f4sledok zv\u00fd\u0161enie tvorby plynov v hrubom \u010dreve, predov\u0161etk\u00fdm CO2, ktor\u00fd sa\u2026<\/p>\n","protected":false},"author":1,"featured_media":0,"parent":193,"menu_order":0,"comment_status":"closed","ping_status":"closed","template":"","meta":{"footnotes":""},"class_list":["post-298","page","type-page","status-publish","hentry"],"blocksy_meta":{"styles_descriptor":{"styles":{"desktop":"","tablet":"","mobile":""},"google_fonts":[],"version":5}},"_links":{"self":[{"href":"https:\/\/www.ncds.sk\/base\/index.php?rest_route=\/wp\/v2\/pages\/298","targetHints":{"allow":["GET"]}}],"collection":[{"href":"https:\/\/www.ncds.sk\/base\/index.php?rest_route=\/wp\/v2\/pages"}],"about":[{"href":"https:\/\/www.ncds.sk\/base\/index.php?rest_route=\/wp\/v2\/types\/page"}],"author":[{"embeddable":true,"href":"https:\/\/www.ncds.sk\/base\/index.php?rest_route=\/wp\/v2\/users\/1"}],"replies":[{"embeddable":true,"href":"https:\/\/www.ncds.sk\/base\/index.php?rest_route=%2Fwp%2Fv2%2Fcomments&post=298"}],"version-history":[{"count":7,"href":"https:\/\/www.ncds.sk\/base\/index.php?rest_route=\/wp\/v2\/pages\/298\/revisions"}],"predecessor-version":[{"id":307,"href":"https:\/\/www.ncds.sk\/base\/index.php?rest_route=\/wp\/v2\/pages\/298\/revisions\/307"}],"up":[{"embeddable":true,"href":"https:\/\/www.ncds.sk\/base\/index.php?rest_route=\/wp\/v2\/pages\/193"}],"wp:attachment":[{"href":"https:\/\/www.ncds.sk\/base\/index.php?rest_route=%2Fwp%2Fv2%2Fmedia&parent=298"}],"curies":[{"name":"wp","href":"https:\/\/api.w.org\/{rel}","templated":true}]}}