{"id":193,"date":"2022-06-27T09:25:58","date_gmt":"2022-06-27T09:25:58","guid":{"rendered":"https:\/\/ncds.sk\/?page_id=193"},"modified":"2022-07-25T17:45:07","modified_gmt":"2022-07-25T17:45:07","slug":"diabetes","status":"publish","type":"page","link":"https:\/\/www.ncds.sk\/base\/?page_id=193","title":{"rendered":"Diabetes Mellitus"},"content":{"rendered":"\t\t<div data-elementor-type=\"wp-page\" data-elementor-id=\"193\" class=\"elementor elementor-193\">\n\t\t\t\t\t\t\t\t\t<section class=\"elementor-section elementor-top-section elementor-element elementor-element-7e9de52 elementor-section-boxed elementor-section-height-default elementor-section-height-default\" data-id=\"7e9de52\" data-element_type=\"section\" data-settings=\"{&quot;_ha_eqh_enable&quot;:false}\">\n\t\t\t\t\t\t<div class=\"elementor-container elementor-column-gap-default\">\n\t\t\t\t\t<div class=\"elementor-column elementor-col-100 elementor-top-column elementor-element elementor-element-09b73ae\" data-id=\"09b73ae\" data-element_type=\"column\">\n\t\t\t<div class=\"elementor-widget-wrap elementor-element-populated\">\n\t\t\t\t\t\t\t\t<div class=\"elementor-element elementor-element-4dcbbc7 elementor-widget elementor-widget-heading\" data-id=\"4dcbbc7\" data-element_type=\"widget\" data-widget_type=\"heading.default\">\n\t\t\t\t<div class=\"elementor-widget-container\">\n\t\t\t<style>\/*! elementor - v3.6.5 - 27-04-2022 *\/\n.elementor-heading-title{padding:0;margin:0;line-height:1}.elementor-widget-heading .elementor-heading-title[class*=elementor-size-]>a{color:inherit;font-size:inherit;line-height:inherit}.elementor-widget-heading .elementor-heading-title.elementor-size-small{font-size:15px}.elementor-widget-heading .elementor-heading-title.elementor-size-medium{font-size:19px}.elementor-widget-heading .elementor-heading-title.elementor-size-large{font-size:29px}.elementor-widget-heading .elementor-heading-title.elementor-size-xl{font-size:39px}.elementor-widget-heading .elementor-heading-title.elementor-size-xxl{font-size:59px}<\/style><h2 class=\"elementor-heading-title elementor-size-default\">Diabetes mellitus<\/h2>\t\t<\/div>\n\t\t\t\t<\/div>\n\t\t\t\t\t<\/div>\n\t\t<\/div>\n\t\t\t\t\t\t\t<\/div>\n\t\t<\/section>\n\t\t\t\t<section class=\"elementor-section elementor-top-section elementor-element elementor-element-62f28ab elementor-section-boxed elementor-section-height-default elementor-section-height-default\" data-id=\"62f28ab\" data-element_type=\"section\" data-settings=\"{&quot;_ha_eqh_enable&quot;:false}\">\n\t\t\t\t\t\t<div class=\"elementor-container elementor-column-gap-default\">\n\t\t\t\t\t<div class=\"elementor-column elementor-col-50 elementor-top-column elementor-element elementor-element-a59884a\" data-id=\"a59884a\" data-element_type=\"column\">\n\t\t\t<div class=\"elementor-widget-wrap elementor-element-populated\">\n\t\t\t\t\t\t\t\t<div class=\"elementor-element elementor-element-42276b3 elementor-widget elementor-widget-text-editor\" data-id=\"42276b3\" data-element_type=\"widget\" data-widget_type=\"text-editor.default\">\n\t\t\t\t<div class=\"elementor-widget-container\">\n\t\t\t<style>\/*! elementor - v3.6.5 - 27-04-2022 *\/\n.elementor-widget-text-editor.elementor-drop-cap-view-stacked .elementor-drop-cap{background-color:#818a91;color:#fff}.elementor-widget-text-editor.elementor-drop-cap-view-framed .elementor-drop-cap{color:#818a91;border:3px solid;background-color:transparent}.elementor-widget-text-editor:not(.elementor-drop-cap-view-default) .elementor-drop-cap{margin-top:8px}.elementor-widget-text-editor:not(.elementor-drop-cap-view-default) .elementor-drop-cap-letter{width:1em;height:1em}.elementor-widget-text-editor .elementor-drop-cap{float:left;text-align:center;line-height:1;font-size:50px}.elementor-widget-text-editor .elementor-drop-cap-letter{display:inline-block}<\/style>\t\t\t\t<p><em>Cukrovka<\/em>\u00a0(diabetes mellitus) predstavuje pre modern\u00e9ho \u010dloveka tich\u00fa smr\u0165. Dne\u0161n\u00e1 medic\u00edna pozn\u00e1 dva typy diabetu \u2013 I. a\u00a0II. (in\u00e9 ozna\u010denie T1DM a\u00a0T2DM).<\/p><p>Pr\u00ed\u010dinou vzniku diabetu I. typu (T1DM) je neschopnosti beta buniek Langerhansov\u00fdch ostrov\u010dekoch pankreasu produkova\u0165 horm\u00f3n inzul\u00edn.\u00a0<\/p><p>Diabetes II. typu (T2DM) pod\u013ea na\u0161ej hypot\u00e9zy vznik\u00e1 z\u00a0d\u00f4vodu nadmern\u00e9ho mno\u017estva CO<sub>2<\/sub>\u00a0(PCO<sub>2<\/sub>) v\u00a0arteri\u00e1lno-ven\u00f3znej krvi \u010dloveka. Zv\u00fd\u0161en\u00fa hladinu gluk\u00f3zy v\u00a0krvi \u010dloveka m\u00f4\u017eeme namera\u0165 aj u\u00a0pacientov v stave stresov\u00fdch situ\u00e1ci\u00ed a\u00a0pritom nejde o\u00a0nedostatok tvorby inzul\u00ednu alebo z d\u00f4sledku vysokej hladiny CO<sub>2<\/sub>\u00a0v\u00a0krvi (hyperkapnia).\u00a0<\/p><p>Zv\u00fd\u0161en\u00fa hladinu stresov\u00e9ho cukru sme teda ozna\u010dili ako III. typ diabetu (T3DM).<\/p>\t\t\t\t\t\t<\/div>\n\t\t\t\t<\/div>\n\t\t\t\t\t<\/div>\n\t\t<\/div>\n\t\t\t\t<div class=\"elementor-column elementor-col-50 elementor-top-column elementor-element elementor-element-d9226e3\" data-id=\"d9226e3\" data-element_type=\"column\">\n\t\t\t<div class=\"elementor-widget-wrap elementor-element-populated\">\n\t\t\t\t\t\t\t\t<div class=\"elementor-element elementor-element-ce285ae elementor-widget elementor-widget-image\" data-id=\"ce285ae\" data-element_type=\"widget\" data-widget_type=\"image.default\">\n\t\t\t\t<div class=\"elementor-widget-container\">\n\t\t\t<style>\/*! elementor - v3.6.5 - 27-04-2022 *\/\n.elementor-widget-image{text-align:center}.elementor-widget-image a{display:inline-block}.elementor-widget-image a img[src$=\".svg\"]{width:48px}.elementor-widget-image img{vertical-align:middle;display:inline-block}<\/style>\t\t\t\t\t\t\t\t\t\t\t\t<img loading=\"lazy\" decoding=\"async\" width=\"597\" height=\"347\" src=\"https:\/\/www.ncds.sk\/base\/wp-content\/uploads\/2022\/07\/mceclip0-13.png\" class=\"attachment-large size-large\" alt=\"\" srcset=\"https:\/\/www.ncds.sk\/base\/wp-content\/uploads\/2022\/07\/mceclip0-13.png 597w, https:\/\/www.ncds.sk\/base\/wp-content\/uploads\/2022\/07\/mceclip0-13-300x174.png 300w\" sizes=\"auto, (max-width: 597px) 100vw, 597px\" \/>\t\t\t\t\t\t\t\t\t\t\t\t\t\t\t<\/div>\n\t\t\t\t<\/div>\n\t\t\t\t\t<\/div>\n\t\t<\/div>\n\t\t\t\t\t\t\t<\/div>\n\t\t<\/section>\n\t\t\t\t<section class=\"elementor-section elementor-top-section elementor-element elementor-element-119e828 elementor-section-boxed elementor-section-height-default elementor-section-height-default\" data-id=\"119e828\" data-element_type=\"section\" data-settings=\"{&quot;_ha_eqh_enable&quot;:false}\">\n\t\t\t\t\t\t<div class=\"elementor-container elementor-column-gap-default\">\n\t\t\t\t\t<div class=\"elementor-column elementor-col-100 elementor-top-column elementor-element elementor-element-8a8217b\" data-id=\"8a8217b\" data-element_type=\"column\">\n\t\t\t<div class=\"elementor-widget-wrap elementor-element-populated\">\n\t\t\t\t\t\t\t\t<div class=\"elementor-element elementor-element-f8c653a elementor-widget elementor-widget-text-editor\" data-id=\"f8c653a\" data-element_type=\"widget\" data-widget_type=\"text-editor.default\">\n\t\t\t\t<div class=\"elementor-widget-container\">\n\t\t\t\t\t\t\t<p>Viac inform\u00e1ci\u00ed o cukrovke n\u00e1jdete na t\u00fdchto podstr\u00e1nkach NCDS Clinic:\u00a0<\/p><p>V\u0161eobecne o diabetes mellitus a syndr\u00f3me diabetickej nohy\u00a0<br \/><span style=\"font-size: inherit; text-align: inherit; background-color: var(--palettecolor7); color: var(--color); font-family: var(--fontFamily); font-style: var(--fontStyle, inherit); font-weight: var(--fontWeight); letter-spacing: var(--letterSpacing); text-transform: var(--textTransform);\">Diabetes I. typu \u2013 nedostatok alebo probl\u00e9m tvorby inzul\u00ednu <br \/>Diabetes II. typu \u2013 hyperkapnia (vysok\u00e1 hladina CO2 v arteri\u00e1lno-ven\u00f3znej krvi) <br \/>Diabetes III. typu \u2013 emocion\u00e1lny stres (zna\u010dn\u00e9 zn\u00ed\u017eenie hladiny DBH)<\/span><\/p>\t\t\t\t\t\t<\/div>\n\t\t\t\t<\/div>\n\t\t\t\t\t<\/div>\n\t\t<\/div>\n\t\t\t\t\t\t\t<\/div>\n\t\t<\/section>\n\t\t\t\t\t\t\t<\/div>\n\t\t","protected":false},"excerpt":{"rendered":"<p>Diabetes mellitus Cukrovka\u00a0(diabetes mellitus) predstavuje pre modern\u00e9ho \u010dloveka tich\u00fa smr\u0165. Dne\u0161n\u00e1 medic\u00edna pozn\u00e1 dva typy diabetu \u2013 I. a\u00a0II. (in\u00e9 ozna\u010denie T1DM a\u00a0T2DM). Pr\u00ed\u010dinou vzniku diabetu I. typu (T1DM) je neschopnosti beta buniek Langerhansov\u00fdch ostrov\u010dekoch pankreasu produkova\u0165 horm\u00f3n inzul\u00edn.\u00a0 Diabetes II. typu (T2DM) pod\u013ea na\u0161ej hypot\u00e9zy vznik\u00e1 z\u00a0d\u00f4vodu nadmern\u00e9ho mno\u017estva CO2\u00a0(PCO2) v\u00a0arteri\u00e1lno-ven\u00f3znej krvi \u010dloveka. Zv\u00fd\u0161en\u00fa hladinu gluk\u00f3zy v\u00a0krvi \u010dloveka m\u00f4\u017eeme namera\u0165 aj u\u00a0pacientov v stave stresov\u00fdch situ\u00e1ci\u00ed a\u00a0pritom nejde o\u00a0nedostatok tvorby inzul\u00ednu alebo z d\u00f4sledku vysokej hladiny CO2\u00a0v\u00a0krvi (hyperkapnia).\u00a0 Zv\u00fd\u0161en\u00fa hladinu stresov\u00e9ho cukru sme teda ozna\u010dili ako III. typ diabetu (T3DM). Viac inform\u00e1ci\u00ed o cukrovke n\u00e1jdete na t\u00fdchto podstr\u00e1nkach NCDS\u2026<\/p>\n","protected":false},"author":1,"featured_media":0,"parent":31,"menu_order":0,"comment_status":"closed","ping_status":"closed","template":"","meta":{"footnotes":""},"class_list":["post-193","page","type-page","status-publish","hentry"],"blocksy_meta":{"styles_descriptor":{"styles":{"desktop":"","tablet":"","mobile":""},"google_fonts":[],"version":5}},"_links":{"self":[{"href":"https:\/\/www.ncds.sk\/base\/index.php?rest_route=\/wp\/v2\/pages\/193","targetHints":{"allow":["GET"]}}],"collection":[{"href":"https:\/\/www.ncds.sk\/base\/index.php?rest_route=\/wp\/v2\/pages"}],"about":[{"href":"https:\/\/www.ncds.sk\/base\/index.php?rest_route=\/wp\/v2\/types\/page"}],"author":[{"embeddable":true,"href":"https:\/\/www.ncds.sk\/base\/index.php?rest_route=\/wp\/v2\/users\/1"}],"replies":[{"embeddable":true,"href":"https:\/\/www.ncds.sk\/base\/index.php?rest_route=%2Fwp%2Fv2%2Fcomments&post=193"}],"version-history":[{"count":5,"href":"https:\/\/www.ncds.sk\/base\/index.php?rest_route=\/wp\/v2\/pages\/193\/revisions"}],"predecessor-version":[{"id":289,"href":"https:\/\/www.ncds.sk\/base\/index.php?rest_route=\/wp\/v2\/pages\/193\/revisions\/289"}],"up":[{"embeddable":true,"href":"https:\/\/www.ncds.sk\/base\/index.php?rest_route=\/wp\/v2\/pages\/31"}],"wp:attachment":[{"href":"https:\/\/www.ncds.sk\/base\/index.php?rest_route=%2Fwp%2Fv2%2Fmedia&parent=193"}],"curies":[{"name":"wp","href":"https:\/\/api.w.org\/{rel}","templated":true}]}}