{"id":187,"date":"2022-06-27T09:23:36","date_gmt":"2022-06-27T09:23:36","guid":{"rendered":"https:\/\/ncds.sk\/?page_id=187"},"modified":"2022-08-01T17:04:42","modified_gmt":"2022-08-01T17:04:42","slug":"kardiovaskularne-vysetrenie","status":"publish","type":"page","link":"https:\/\/www.ncds.sk\/base\/?page_id=187","title":{"rendered":"Kardiovaskul\u00e1rne vy\u0161etrenie"},"content":{"rendered":"\t\t<div data-elementor-type=\"wp-page\" data-elementor-id=\"187\" class=\"elementor elementor-187\">\n\t\t\t\t\t\t\t\t\t<section class=\"elementor-section elementor-top-section elementor-element elementor-element-7ae85c4 elementor-section-boxed elementor-section-height-default elementor-section-height-default\" data-id=\"7ae85c4\" data-element_type=\"section\" data-settings=\"{&quot;_ha_eqh_enable&quot;:false}\">\n\t\t\t\t\t\t<div class=\"elementor-container elementor-column-gap-default\">\n\t\t\t\t\t<div class=\"elementor-column elementor-col-100 elementor-top-column elementor-element elementor-element-2e1ca39\" data-id=\"2e1ca39\" data-element_type=\"column\">\n\t\t\t<div class=\"elementor-widget-wrap elementor-element-populated\">\n\t\t\t\t\t\t\t\t<div class=\"elementor-element elementor-element-5db0441 elementor-widget elementor-widget-heading\" data-id=\"5db0441\" data-element_type=\"widget\" data-widget_type=\"heading.default\">\n\t\t\t\t<div class=\"elementor-widget-container\">\n\t\t\t<style>\/*! elementor - v3.6.5 - 27-04-2022 *\/\n.elementor-heading-title{padding:0;margin:0;line-height:1}.elementor-widget-heading .elementor-heading-title[class*=elementor-size-]>a{color:inherit;font-size:inherit;line-height:inherit}.elementor-widget-heading .elementor-heading-title.elementor-size-small{font-size:15px}.elementor-widget-heading .elementor-heading-title.elementor-size-medium{font-size:19px}.elementor-widget-heading .elementor-heading-title.elementor-size-large{font-size:29px}.elementor-widget-heading .elementor-heading-title.elementor-size-xl{font-size:39px}.elementor-widget-heading .elementor-heading-title.elementor-size-xxl{font-size:59px}<\/style><h2 class=\"elementor-heading-title elementor-size-default\">Vy\u0161etrenie kardiovaskul\u00e1rneho syst\u00e9mu -\nEDTV oscilometer<\/h2>\t\t<\/div>\n\t\t\t\t<\/div>\n\t\t\t\t\t<\/div>\n\t\t<\/div>\n\t\t\t\t\t\t\t<\/div>\n\t\t<\/section>\n\t\t\t\t<section class=\"elementor-section elementor-top-section elementor-element elementor-element-d1e7bfd elementor-section-boxed elementor-section-height-default elementor-section-height-default\" data-id=\"d1e7bfd\" data-element_type=\"section\" data-settings=\"{&quot;_ha_eqh_enable&quot;:false}\">\n\t\t\t\t\t\t<div class=\"elementor-container elementor-column-gap-default\">\n\t\t\t\t\t<div class=\"elementor-column elementor-col-100 elementor-top-column elementor-element elementor-element-d3981e3\" data-id=\"d3981e3\" data-element_type=\"column\">\n\t\t\t<div class=\"elementor-widget-wrap elementor-element-populated\">\n\t\t\t\t\t\t\t\t<div class=\"elementor-element elementor-element-643f7c3 elementor-widget elementor-widget-heading\" data-id=\"643f7c3\" data-element_type=\"widget\" data-widget_type=\"heading.default\">\n\t\t\t\t<div class=\"elementor-widget-container\">\n\t\t\t<h5 class=\"elementor-heading-title elementor-size-default\">\nVy\u0161etrenie kardiovaskul\u00e1rneho syst\u00e9mu \u2013\nd\u00f4le\u017eit\u00e1 prevencia pred z\u00e1va\u017en\u00fdmi ochoreniami<\/h5>\t\t<\/div>\n\t\t\t\t<\/div>\n\t\t\t\t\t<\/div>\n\t\t<\/div>\n\t\t\t\t\t\t\t<\/div>\n\t\t<\/section>\n\t\t\t\t<section class=\"elementor-section elementor-top-section elementor-element elementor-element-c59e51c elementor-section-boxed elementor-section-height-default elementor-section-height-default\" data-id=\"c59e51c\" data-element_type=\"section\" data-settings=\"{&quot;_ha_eqh_enable&quot;:false}\">\n\t\t\t\t\t\t<div class=\"elementor-container elementor-column-gap-default\">\n\t\t\t\t\t<div class=\"elementor-column elementor-col-50 elementor-top-column elementor-element elementor-element-59eadfd\" data-id=\"59eadfd\" data-element_type=\"column\">\n\t\t\t<div class=\"elementor-widget-wrap elementor-element-populated\">\n\t\t\t\t\t\t\t\t<div class=\"elementor-element elementor-element-c89cfd4 elementor-widget elementor-widget-text-editor\" data-id=\"c89cfd4\" data-element_type=\"widget\" data-widget_type=\"text-editor.default\">\n\t\t\t\t<div class=\"elementor-widget-container\">\n\t\t\t<style>\/*! elementor - v3.6.5 - 27-04-2022 *\/\n.elementor-widget-text-editor.elementor-drop-cap-view-stacked .elementor-drop-cap{background-color:#818a91;color:#fff}.elementor-widget-text-editor.elementor-drop-cap-view-framed .elementor-drop-cap{color:#818a91;border:3px solid;background-color:transparent}.elementor-widget-text-editor:not(.elementor-drop-cap-view-default) .elementor-drop-cap{margin-top:8px}.elementor-widget-text-editor:not(.elementor-drop-cap-view-default) .elementor-drop-cap-letter{width:1em;height:1em}.elementor-widget-text-editor .elementor-drop-cap{float:left;text-align:center;line-height:1;font-size:50px}.elementor-widget-text-editor .elementor-drop-cap-letter{display:inline-block}<\/style>\t\t\t\t<p><a href=\"http:\/\/www.aktuality.sk\/clanok\/278286\/sme-svetova-jednotka-v-umrtnosti-na-srdcovo-cievne-choroby\/\" target=\"_blank\" rel=\"noopener\">Na Slovensku je alarmuj\u00faco vysok\u00e1 \u00famrtnos\u0165\u00a0na srdcovo-cievne ochorenia.<\/a>\u00a0Pod\u013ea spr\u00e1vy Svetovej zdravotn\u00edckej organiz\u00e1cie na ne\u00a0zomiera\u00a0viac ako p\u00e4\u0165desiat percent Slov\u00e1kov, \u010do je \u010d\u00edslo ove\u013ea vy\u0161\u0161ie ako v krajin\u00e1ch z\u00e1padnej Eur\u00f3py, ale aj v okolit\u00fdch krajin\u00e1ch.\u00a0Medzi hlavn\u00e9 rizikov\u00e9 faktory vzniku srdcovocievnych ochoren\u00ed patr\u00ed najm\u00e4 vysok\u00fd krvn\u00fd tlak, obezita, faj\u010denie a cholesterol.<\/p><p>Hlavn\u00fdm sp\u00f4sobom boja proti kardiovaskul\u00e1rnym ochoreniam je prevencia \u2013 zdrav\u00fd \u017eivotn\u00fd \u0161t\u00fdl a kvalitn\u00e1 prevent\u00edvna zdravotn\u00e1 starostlivos\u0165. NCDs Clinic pon\u00faka neinvaz\u00edvne vy\u0161etrenie stavu kardiovaskul\u00e1rneho syst\u00e9mu pacienta \u2013 arteri\u00e1lneho tlaku, mechanick\u00fdch funkci\u00ed srdca, roz\u0165a\u017enosti stien art\u00e9ri\u00ed a priechodnosti kapil\u00e1rneho cyklu.<\/p>\t\t\t\t\t\t<\/div>\n\t\t\t\t<\/div>\n\t\t\t\t\t<\/div>\n\t\t<\/div>\n\t\t\t\t<div class=\"elementor-column elementor-col-50 elementor-top-column elementor-element elementor-element-82a81a3\" data-id=\"82a81a3\" data-element_type=\"column\">\n\t\t\t<div class=\"elementor-widget-wrap elementor-element-populated\">\n\t\t\t\t\t\t\t\t<div class=\"elementor-element elementor-element-b2e0ba1 elementor-widget elementor-widget-image\" data-id=\"b2e0ba1\" data-element_type=\"widget\" data-widget_type=\"image.default\">\n\t\t\t\t<div class=\"elementor-widget-container\">\n\t\t\t<style>\/*! elementor - v3.6.5 - 27-04-2022 *\/\n.elementor-widget-image{text-align:center}.elementor-widget-image a{display:inline-block}.elementor-widget-image a img[src$=\".svg\"]{width:48px}.elementor-widget-image img{vertical-align:middle;display:inline-block}<\/style>\t\t\t\t\t\t\t\t\t\t\t\t<img loading=\"lazy\" decoding=\"async\" width=\"800\" height=\"548\" src=\"https:\/\/www.ncds.sk\/base\/wp-content\/uploads\/2022\/08\/cardio.jpg\" class=\"attachment-large size-large\" alt=\"\" srcset=\"https:\/\/www.ncds.sk\/base\/wp-content\/uploads\/2022\/08\/cardio.jpg 800w, https:\/\/www.ncds.sk\/base\/wp-content\/uploads\/2022\/08\/cardio-300x206.jpg 300w, https:\/\/www.ncds.sk\/base\/wp-content\/uploads\/2022\/08\/cardio-768x526.jpg 768w, https:\/\/www.ncds.sk\/base\/wp-content\/uploads\/2022\/08\/cardio-600x411.jpg 600w\" sizes=\"auto, (max-width: 800px) 100vw, 800px\" \/>\t\t\t\t\t\t\t\t\t\t\t\t\t\t\t<\/div>\n\t\t\t\t<\/div>\n\t\t\t\t\t<\/div>\n\t\t<\/div>\n\t\t\t\t\t\t\t<\/div>\n\t\t<\/section>\n\t\t\t\t<section class=\"elementor-section elementor-top-section elementor-element elementor-element-f0594a5 elementor-section-boxed elementor-section-height-default elementor-section-height-default\" data-id=\"f0594a5\" data-element_type=\"section\" data-settings=\"{&quot;_ha_eqh_enable&quot;:false}\">\n\t\t\t\t\t\t<div class=\"elementor-container elementor-column-gap-default\">\n\t\t\t\t\t<div class=\"elementor-column elementor-col-50 elementor-top-column elementor-element elementor-element-23a033d\" data-id=\"23a033d\" data-element_type=\"column\">\n\t\t\t<div class=\"elementor-widget-wrap elementor-element-populated\">\n\t\t\t\t\t\t\t\t<div class=\"elementor-element elementor-element-837260d elementor-widget elementor-widget-image\" data-id=\"837260d\" data-element_type=\"widget\" data-widget_type=\"image.default\">\n\t\t\t\t<div class=\"elementor-widget-container\">\n\t\t\t\t\t\t\t\t\t\t\t\t\t\t\t<img loading=\"lazy\" decoding=\"async\" width=\"800\" height=\"628\" src=\"https:\/\/www.ncds.sk\/base\/wp-content\/uploads\/2022\/08\/edtv.png\" class=\"attachment-large size-large\" alt=\"\" srcset=\"https:\/\/www.ncds.sk\/base\/wp-content\/uploads\/2022\/08\/edtv.png 800w, https:\/\/www.ncds.sk\/base\/wp-content\/uploads\/2022\/08\/edtv-300x236.png 300w, https:\/\/www.ncds.sk\/base\/wp-content\/uploads\/2022\/08\/edtv-768x603.png 768w, https:\/\/www.ncds.sk\/base\/wp-content\/uploads\/2022\/08\/edtv-600x471.png 600w\" sizes=\"auto, (max-width: 800px) 100vw, 800px\" \/>\t\t\t\t\t\t\t\t\t\t\t\t\t\t\t<\/div>\n\t\t\t\t<\/div>\n\t\t\t\t\t<\/div>\n\t\t<\/div>\n\t\t\t\t<div class=\"elementor-column elementor-col-50 elementor-top-column elementor-element elementor-element-06eb23a\" data-id=\"06eb23a\" data-element_type=\"column\">\n\t\t\t<div class=\"elementor-widget-wrap elementor-element-populated\">\n\t\t\t\t\t\t\t\t<div class=\"elementor-element elementor-element-11de3af elementor-widget elementor-widget-text-editor\" data-id=\"11de3af\" data-element_type=\"widget\" data-widget_type=\"text-editor.default\">\n\t\t\t\t<div class=\"elementor-widget-container\">\n\t\t\t\t\t\t\t<p>Analyz\u00e1tor EDTV je diagnostick\u00fd pr\u00edstroj ur\u010den\u00fd na sn\u00edmanie, zobrazenie, anal\u00fdzu a uchov\u00e1vanie inform\u00e1ci\u00ed o stave srdcovo\u2010cievneho syst\u00e9mu na z\u00e1klade met\u00f3dy kompresnej oscilometrie vysok\u00e9ho rozl\u00ed\u0161enia.<\/p><p>Nameran\u00e9 ukazovatele efekt\u00edvne nahradzuj\u00fa s\u00fabor pr\u00edstrojov a apar\u00e1tov, ktor\u00e9 vyu\u017e\u00edvaj\u00fa in\u00e9 met\u00f3dy. Zariadenie zni\u017euje \u010dasov\u00fa n\u00e1ro\u010dnos\u0165 a n\u00e1klady na diagnostiku. Pr\u00edstrojom sa vykon\u00e1vaj\u00fa aj \u0161peci\u00e1lne vy\u0161etrenia pre niektor\u00e9 pracovn\u00e9 zaradenia (vodi\u010di lokomot\u00edvy, piloti, at\u010f..) \u2013 za 40 sek\u00fand 20 ukazovate\u013eov hemodynamiky \u2013 diagnostika hypert\u00f3nie a hypertenzie \u2013 anal\u00fdza pr\u00e1ce srdca a ciev vyu\u017e\u00edva met\u00f3du objemovej kompresnej oscilometrie.<\/p><p>Registr\u00e1cia oscilometrick\u00fdch kriviek sa vykon\u00e1va na ruke sledovanej osoby za neust\u00e1leho narastania tlaku v man\u017eete a s n\u00e1sledn\u00fdm v\u00fdpo\u010dtom ukazovate\u013eov na z\u00e1klade anal\u00fdzy pulzn\u00fdch javov.<\/p>\t\t\t\t\t\t<\/div>\n\t\t\t\t<\/div>\n\t\t\t\t\t<\/div>\n\t\t<\/div>\n\t\t\t\t\t\t\t<\/div>\n\t\t<\/section>\n\t\t\t\t<section class=\"elementor-section elementor-top-section elementor-element elementor-element-e902856 elementor-section-boxed elementor-section-height-default elementor-section-height-default\" data-id=\"e902856\" data-element_type=\"section\" data-settings=\"{&quot;_ha_eqh_enable&quot;:false}\">\n\t\t\t\t\t\t<div class=\"elementor-container elementor-column-gap-default\">\n\t\t\t\t\t<div class=\"elementor-column elementor-col-100 elementor-top-column elementor-element elementor-element-54b02d5\" data-id=\"54b02d5\" data-element_type=\"column\">\n\t\t\t<div class=\"elementor-widget-wrap elementor-element-populated\">\n\t\t\t\t\t\t\t\t<div class=\"elementor-element elementor-element-e7be3dd elementor-widget elementor-widget-text-editor\" data-id=\"e7be3dd\" data-element_type=\"widget\" data-widget_type=\"text-editor.default\">\n\t\t\t\t<div class=\"elementor-widget-container\">\n\t\t\t\t\t\t\t<p>Meranie tlaku met\u00f3dou oscilometrie sa odpor\u00fa\u010da aj v publik\u00e1cii \u201e\u0160TANDARDN\u00dd DIAGNOSTICK\u00dd A TERAPEUTICK\u00dd POSTUP, 59. metodick\u00fd list racion\u00e1lnej farmakoterapie\u201c<\/p><p><strong>Meranie TK \u00a0<\/strong><em>Odpor\u00fa\u010da sa nepou\u017e\u00edva\u0165 u\u017e ortu\u0165ov\u00e9 tlakomery a d\u00e1va\u0165 prednos\u0165 oscilometrick\u00fdm semiautomatick\u00fdm sfygmomanometrom.<\/em><\/p><p><em><a href=\"http:\/\/www.hypertenzia.org\/media\/files\/metodicky-list-arteriova_hypertenzia-2014.pdf\">http:\/\/www.hypertenzia.org\/media\/files\/metodicky-list-arteriova_hypertenzia-2014.pdf<\/a><\/em><\/p>\t\t\t\t\t\t<\/div>\n\t\t\t\t<\/div>\n\t\t\t\t\t<\/div>\n\t\t<\/div>\n\t\t\t\t\t\t\t<\/div>\n\t\t<\/section>\n\t\t\t\t<section class=\"elementor-section elementor-top-section elementor-element elementor-element-1467755 elementor-section-boxed elementor-section-height-default elementor-section-height-default\" data-id=\"1467755\" data-element_type=\"section\" data-settings=\"{&quot;_ha_eqh_enable&quot;:false}\">\n\t\t\t\t\t\t<div class=\"elementor-container elementor-column-gap-default\">\n\t\t\t\t\t<div class=\"elementor-column elementor-col-100 elementor-top-column elementor-element elementor-element-c776846\" data-id=\"c776846\" data-element_type=\"column\">\n\t\t\t<div class=\"elementor-widget-wrap elementor-element-populated\">\n\t\t\t\t\t\t\t\t<div class=\"elementor-element elementor-element-69b57d0 elementor-widget elementor-widget-spacer\" data-id=\"69b57d0\" data-element_type=\"widget\" data-widget_type=\"spacer.default\">\n\t\t\t\t<div class=\"elementor-widget-container\">\n\t\t\t<style>\/*! elementor - v3.6.5 - 27-04-2022 *\/\n.e-container.e-container--row .elementor-spacer-inner{width:var(--spacer-size)}.e-container.e-container--column .elementor-spacer-inner,.elementor-column .elementor-spacer-inner{height:var(--spacer-size)}<\/style>\t\t<div class=\"elementor-spacer\">\n\t\t\t<div class=\"elementor-spacer-inner\"><\/div>\n\t\t<\/div>\n\t\t\t\t<\/div>\n\t\t\t\t<\/div>\n\t\t\t\t\t<\/div>\n\t\t<\/div>\n\t\t\t\t\t\t\t<\/div>\n\t\t<\/section>\n\t\t\t\t<section class=\"elementor-section elementor-top-section elementor-element elementor-element-46ee9393 elementor-section-boxed elementor-section-height-default elementor-section-height-default\" data-id=\"46ee9393\" data-element_type=\"section\" data-settings=\"{&quot;_ha_eqh_enable&quot;:false}\">\n\t\t\t\t\t\t<div class=\"elementor-container elementor-column-gap-default\">\n\t\t\t\t\t<div class=\"elementor-column elementor-col-100 elementor-top-column elementor-element elementor-element-65a4b728\" data-id=\"65a4b728\" data-element_type=\"column\">\n\t\t\t<div class=\"elementor-widget-wrap elementor-element-populated\">\n\t\t\t\t\t\t\t\t<div class=\"elementor-element elementor-element-1d609356 content-align-cta-default elementor-widget elementor-widget-eael-cta-box\" data-id=\"1d609356\" data-element_type=\"widget\" data-widget_type=\"eael-cta-box.default\">\n\t\t\t\t<div class=\"elementor-widget-container\">\n\t\t\t\t\t<div class=\"eael-call-to-action cta-basic bg-lite cta-preset-1\">\n        <h2 class=\"title\">Objednajte Sa Na Neinvaz\u00edvne Vy\u0161etrenie U\u017e Dnes<\/h2><p><p>Nav\u0161t\u00edvte n\u00e1s a ziskajte v\u0161etky v\u00fdhody modernej neinvaz\u00edvnej diagnostiky.<\/p><\/p><a href=\"https:\/\/www.ncds.sk\/base\/?page_id=37\" class=\"cta-button  \">Objedna\u0165 sa<\/a>\t<\/div>\n\t\t\t\t\t\t<\/div>\n\t\t\t\t<\/div>\n\t\t\t\t\t<\/div>\n\t\t<\/div>\n\t\t\t\t\t\t\t<\/div>\n\t\t<\/section>\n\t\t\t\t\t\t\t<\/div>\n\t\t","protected":false},"excerpt":{"rendered":"<p>Vy\u0161etrenie kardiovaskul\u00e1rneho syst\u00e9mu &#8211; EDTV oscilometer Vy\u0161etrenie kardiovaskul\u00e1rneho syst\u00e9mu \u2013 d\u00f4le\u017eit\u00e1 prevencia pred z\u00e1va\u017en\u00fdmi ochoreniami Na Slovensku je alarmuj\u00faco vysok\u00e1 \u00famrtnos\u0165\u00a0na srdcovo-cievne ochorenia.\u00a0Pod\u013ea spr\u00e1vy Svetovej zdravotn\u00edckej organiz\u00e1cie na ne\u00a0zomiera\u00a0viac ako p\u00e4\u0165desiat percent Slov\u00e1kov, \u010do je \u010d\u00edslo ove\u013ea vy\u0161\u0161ie ako v krajin\u00e1ch z\u00e1padnej Eur\u00f3py, ale aj v okolit\u00fdch krajin\u00e1ch.\u00a0Medzi hlavn\u00e9 rizikov\u00e9 faktory vzniku srdcovocievnych ochoren\u00ed patr\u00ed najm\u00e4 vysok\u00fd krvn\u00fd tlak, obezita, faj\u010denie a cholesterol. Hlavn\u00fdm sp\u00f4sobom boja proti kardiovaskul\u00e1rnym ochoreniam je prevencia \u2013 zdrav\u00fd \u017eivotn\u00fd \u0161t\u00fdl a kvalitn\u00e1 prevent\u00edvna zdravotn\u00e1 starostlivos\u0165. NCDs Clinic pon\u00faka neinvaz\u00edvne vy\u0161etrenie stavu kardiovaskul\u00e1rneho syst\u00e9mu pacienta \u2013 arteri\u00e1lneho tlaku, mechanick\u00fdch funkci\u00ed srdca, roz\u0165a\u017enosti stien art\u00e9ri\u00ed a priechodnosti\u2026<\/p>\n","protected":false},"author":1,"featured_media":0,"parent":19,"menu_order":0,"comment_status":"closed","ping_status":"closed","template":"","meta":{"footnotes":""},"class_list":["post-187","page","type-page","status-publish","hentry"],"blocksy_meta":{"styles_descriptor":{"styles":{"desktop":"","tablet":"","mobile":""},"google_fonts":[],"version":5}},"_links":{"self":[{"href":"https:\/\/www.ncds.sk\/base\/index.php?rest_route=\/wp\/v2\/pages\/187","targetHints":{"allow":["GET"]}}],"collection":[{"href":"https:\/\/www.ncds.sk\/base\/index.php?rest_route=\/wp\/v2\/pages"}],"about":[{"href":"https:\/\/www.ncds.sk\/base\/index.php?rest_route=\/wp\/v2\/types\/page"}],"author":[{"embeddable":true,"href":"https:\/\/www.ncds.sk\/base\/index.php?rest_route=\/wp\/v2\/users\/1"}],"replies":[{"embeddable":true,"href":"https:\/\/www.ncds.sk\/base\/index.php?rest_route=%2Fwp%2Fv2%2Fcomments&post=187"}],"version-history":[{"count":4,"href":"https:\/\/www.ncds.sk\/base\/index.php?rest_route=\/wp\/v2\/pages\/187\/revisions"}],"predecessor-version":[{"id":405,"href":"https:\/\/www.ncds.sk\/base\/index.php?rest_route=\/wp\/v2\/pages\/187\/revisions\/405"}],"up":[{"embeddable":true,"href":"https:\/\/www.ncds.sk\/base\/index.php?rest_route=\/wp\/v2\/pages\/19"}],"wp:attachment":[{"href":"https:\/\/www.ncds.sk\/base\/index.php?rest_route=%2Fwp%2Fv2%2Fmedia&parent=187"}],"curies":[{"name":"wp","href":"https:\/\/api.w.org\/{rel}","templated":true}]}}