{"id":185,"date":"2022-06-27T09:23:10","date_gmt":"2022-06-27T09:23:10","guid":{"rendered":"https:\/\/ncds.sk\/?page_id=185"},"modified":"2022-08-01T16:58:22","modified_gmt":"2022-08-01T16:58:22","slug":"diagnostika-srdca","status":"publish","type":"page","link":"https:\/\/www.ncds.sk\/base\/?page_id=185","title":{"rendered":"Diagnostika srdca"},"content":{"rendered":"\t\t<div data-elementor-type=\"wp-page\" data-elementor-id=\"185\" class=\"elementor elementor-185\">\n\t\t\t\t\t\t\t\t\t<section class=\"elementor-section elementor-top-section elementor-element elementor-element-7ae85c4 elementor-section-boxed elementor-section-height-default elementor-section-height-default\" data-id=\"7ae85c4\" data-element_type=\"section\" data-settings=\"{&quot;_ha_eqh_enable&quot;:false}\">\n\t\t\t\t\t\t<div class=\"elementor-container elementor-column-gap-default\">\n\t\t\t\t\t<div class=\"elementor-column elementor-col-100 elementor-top-column elementor-element elementor-element-2e1ca39\" data-id=\"2e1ca39\" data-element_type=\"column\">\n\t\t\t<div class=\"elementor-widget-wrap elementor-element-populated\">\n\t\t\t\t\t\t\t\t<div class=\"elementor-element elementor-element-5db0441 elementor-widget elementor-widget-heading\" data-id=\"5db0441\" data-element_type=\"widget\" data-widget_type=\"heading.default\">\n\t\t\t\t<div class=\"elementor-widget-container\">\n\t\t\t<style>\/*! elementor - v3.6.5 - 27-04-2022 *\/\n.elementor-heading-title{padding:0;margin:0;line-height:1}.elementor-widget-heading .elementor-heading-title[class*=elementor-size-]>a{color:inherit;font-size:inherit;line-height:inherit}.elementor-widget-heading .elementor-heading-title.elementor-size-small{font-size:15px}.elementor-widget-heading .elementor-heading-title.elementor-size-medium{font-size:19px}.elementor-widget-heading .elementor-heading-title.elementor-size-large{font-size:29px}.elementor-widget-heading .elementor-heading-title.elementor-size-xl{font-size:39px}.elementor-widget-heading .elementor-heading-title.elementor-size-xxl{font-size:59px}<\/style><h2 class=\"elementor-heading-title elementor-size-default\">HeartVue EKG - inovat\u00edvna diagnostika srdca <\/h2>\t\t<\/div>\n\t\t\t\t<\/div>\n\t\t\t\t\t<\/div>\n\t\t<\/div>\n\t\t\t\t\t\t\t<\/div>\n\t\t<\/section>\n\t\t\t\t<section class=\"elementor-section elementor-top-section elementor-element elementor-element-c4f8fee elementor-section-boxed elementor-section-height-default elementor-section-height-default\" data-id=\"c4f8fee\" data-element_type=\"section\" data-settings=\"{&quot;_ha_eqh_enable&quot;:false}\">\n\t\t\t\t\t\t<div class=\"elementor-container elementor-column-gap-default\">\n\t\t\t\t\t<div class=\"elementor-column elementor-col-100 elementor-top-column elementor-element elementor-element-39c3630\" data-id=\"39c3630\" data-element_type=\"column\">\n\t\t\t<div class=\"elementor-widget-wrap elementor-element-populated\">\n\t\t\t\t\t\t\t\t<div class=\"elementor-element elementor-element-36ecdcf elementor-widget elementor-widget-image\" data-id=\"36ecdcf\" data-element_type=\"widget\" data-widget_type=\"image.default\">\n\t\t\t\t<div class=\"elementor-widget-container\">\n\t\t\t<style>\/*! elementor - v3.6.5 - 27-04-2022 *\/\n.elementor-widget-image{text-align:center}.elementor-widget-image a{display:inline-block}.elementor-widget-image a img[src$=\".svg\"]{width:48px}.elementor-widget-image img{vertical-align:middle;display:inline-block}<\/style>\t\t\t\t\t\t\t\t\t\t\t\t<img loading=\"lazy\" decoding=\"async\" width=\"1024\" height=\"265\" src=\"https:\/\/www.ncds.sk\/base\/wp-content\/uploads\/2022\/08\/Screenshot-2022-08-01-185053-1024x265.png\" class=\"attachment-large size-large\" alt=\"\" srcset=\"https:\/\/www.ncds.sk\/base\/wp-content\/uploads\/2022\/08\/Screenshot-2022-08-01-185053-1024x265.png 1024w, https:\/\/www.ncds.sk\/base\/wp-content\/uploads\/2022\/08\/Screenshot-2022-08-01-185053-300x78.png 300w, https:\/\/www.ncds.sk\/base\/wp-content\/uploads\/2022\/08\/Screenshot-2022-08-01-185053-768x199.png 768w, https:\/\/www.ncds.sk\/base\/wp-content\/uploads\/2022\/08\/Screenshot-2022-08-01-185053-600x155.png 600w, https:\/\/www.ncds.sk\/base\/wp-content\/uploads\/2022\/08\/Screenshot-2022-08-01-185053.png 1417w\" sizes=\"auto, (max-width: 1024px) 100vw, 1024px\" \/>\t\t\t\t\t\t\t\t\t\t\t\t\t\t\t<\/div>\n\t\t\t\t<\/div>\n\t\t\t\t\t<\/div>\n\t\t<\/div>\n\t\t\t\t\t\t\t<\/div>\n\t\t<\/section>\n\t\t\t\t<section class=\"elementor-section elementor-top-section elementor-element elementor-element-217341d elementor-section-boxed elementor-section-height-default elementor-section-height-default\" data-id=\"217341d\" data-element_type=\"section\" data-settings=\"{&quot;_ha_eqh_enable&quot;:false}\">\n\t\t\t\t\t\t<div class=\"elementor-container elementor-column-gap-default\">\n\t\t\t\t\t<div class=\"elementor-column elementor-col-100 elementor-top-column elementor-element elementor-element-3b9f0ac\" data-id=\"3b9f0ac\" data-element_type=\"column\">\n\t\t\t<div class=\"elementor-widget-wrap elementor-element-populated\">\n\t\t\t\t\t\t\t\t<div class=\"elementor-element elementor-element-0240dea elementor-widget elementor-widget-heading\" data-id=\"0240dea\" data-element_type=\"widget\" data-widget_type=\"heading.default\">\n\t\t\t\t<div class=\"elementor-widget-container\">\n\t\t\t<h5 class=\"elementor-heading-title elementor-size-default\">\u010co je EKG diagnostika pomocou pr\u00edstroja HeartVue?<\/h5>\t\t<\/div>\n\t\t\t\t<\/div>\n\t\t\t\t\t<\/div>\n\t\t<\/div>\n\t\t\t\t\t\t\t<\/div>\n\t\t<\/section>\n\t\t\t\t<section class=\"elementor-section elementor-top-section elementor-element elementor-element-ef4d4f1 elementor-section-boxed elementor-section-height-default elementor-section-height-default\" data-id=\"ef4d4f1\" data-element_type=\"section\" data-settings=\"{&quot;_ha_eqh_enable&quot;:false}\">\n\t\t\t\t\t\t<div class=\"elementor-container elementor-column-gap-default\">\n\t\t\t\t\t<div class=\"elementor-column elementor-col-50 elementor-top-column elementor-element elementor-element-acc0a8e\" data-id=\"acc0a8e\" data-element_type=\"column\">\n\t\t\t<div class=\"elementor-widget-wrap elementor-element-populated\">\n\t\t\t\t\t\t\t\t<div class=\"elementor-element elementor-element-4b67aa4 elementor-widget elementor-widget-text-editor\" data-id=\"4b67aa4\" data-element_type=\"widget\" data-widget_type=\"text-editor.default\">\n\t\t\t\t<div class=\"elementor-widget-container\">\n\t\t\t<style>\/*! elementor - v3.6.5 - 27-04-2022 *\/\n.elementor-widget-text-editor.elementor-drop-cap-view-stacked .elementor-drop-cap{background-color:#818a91;color:#fff}.elementor-widget-text-editor.elementor-drop-cap-view-framed .elementor-drop-cap{color:#818a91;border:3px solid;background-color:transparent}.elementor-widget-text-editor:not(.elementor-drop-cap-view-default) .elementor-drop-cap{margin-top:8px}.elementor-widget-text-editor:not(.elementor-drop-cap-view-default) .elementor-drop-cap-letter{width:1em;height:1em}.elementor-widget-text-editor .elementor-drop-cap{float:left;text-align:center;line-height:1;font-size:50px}.elementor-widget-text-editor .elementor-drop-cap-letter{display:inline-block}<\/style>\t\t\t\t<p>Diagnostika je zalo\u017een\u00e1 na po\u010d\u00edta\u010dovej anal\u00fdze a 3D vizualiz\u00e1cii elektromagnetick\u00e9ho \u017eiarenia myokardu v n\u00edzkoamplit\u00fadnych fluktu\u00e1ci\u00e1ch \u0161tandardn\u00e9ho EKG, registrovan\u00e9ho na kon\u010datinov\u00fdch zvodoch.<\/p><p>Syst\u00e9m umo\u017e\u0148uje u\u017e v skor\u00fdch \u0161t\u00e1di\u00e1ch detegova\u0165 pr\u00edtomnos\u0165 patologick\u00fdch zmien v srdci a aj pravdepodobnos\u0165 ich lokaliz\u00e1cie pri r\u00f4znych ochoreniach. Pri ischemickej chorobe srdca citlivos\u0165 met\u00f3dy predstavuje 80% (pri zachovan\u00ed \u0161pecificity v\u00e4c\u0161ej ako 75%). Z\u00edskan\u00e9 v\u00fdsledky predstavuj\u00fa z\u00e1klad pre uskuto\u010dnenie h\u013abkovej diagnostiky.<\/p>\t\t\t\t\t\t<\/div>\n\t\t\t\t<\/div>\n\t\t\t\t\t<\/div>\n\t\t<\/div>\n\t\t\t\t<div class=\"elementor-column elementor-col-50 elementor-top-column elementor-element elementor-element-ea45435\" data-id=\"ea45435\" data-element_type=\"column\">\n\t\t\t<div class=\"elementor-widget-wrap elementor-element-populated\">\n\t\t\t\t\t\t\t\t<div class=\"elementor-element elementor-element-95a1dcf elementor-widget elementor-widget-image\" data-id=\"95a1dcf\" data-element_type=\"widget\" data-widget_type=\"image.default\">\n\t\t\t\t<div class=\"elementor-widget-container\">\n\t\t\t\t\t\t\t\t\t\t\t\t\t\t\t<img loading=\"lazy\" decoding=\"async\" width=\"420\" height=\"420\" src=\"https:\/\/www.ncds.sk\/base\/wp-content\/uploads\/2022\/08\/EKG.jpg\" class=\"attachment-large size-large\" alt=\"\" srcset=\"https:\/\/www.ncds.sk\/base\/wp-content\/uploads\/2022\/08\/EKG.jpg 420w, https:\/\/www.ncds.sk\/base\/wp-content\/uploads\/2022\/08\/EKG-300x300.jpg 300w, https:\/\/www.ncds.sk\/base\/wp-content\/uploads\/2022\/08\/EKG-150x150.jpg 150w, https:\/\/www.ncds.sk\/base\/wp-content\/uploads\/2022\/08\/EKG-100x100.jpg 100w\" sizes=\"auto, (max-width: 420px) 100vw, 420px\" \/>\t\t\t\t\t\t\t\t\t\t\t\t\t\t\t<\/div>\n\t\t\t\t<\/div>\n\t\t\t\t\t<\/div>\n\t\t<\/div>\n\t\t\t\t\t\t\t<\/div>\n\t\t<\/section>\n\t\t\t\t<section class=\"elementor-section elementor-top-section elementor-element elementor-element-9a03ffc elementor-section-boxed elementor-section-height-default elementor-section-height-default\" data-id=\"9a03ffc\" data-element_type=\"section\" data-settings=\"{&quot;_ha_eqh_enable&quot;:false}\">\n\t\t\t\t\t\t<div class=\"elementor-container elementor-column-gap-default\">\n\t\t\t\t\t<div class=\"elementor-column elementor-col-100 elementor-top-column elementor-element elementor-element-363d3e4\" data-id=\"363d3e4\" data-element_type=\"column\">\n\t\t\t<div class=\"elementor-widget-wrap elementor-element-populated\">\n\t\t\t\t\t\t\t\t<div class=\"elementor-element elementor-element-4593d8a elementor-widget elementor-widget-heading\" data-id=\"4593d8a\" data-element_type=\"widget\" data-widget_type=\"heading.default\">\n\t\t\t\t<div class=\"elementor-widget-container\">\n\t\t\t<h5 class=\"elementor-heading-title elementor-size-default\">Hlavn\u00e9 prednosti zariadenia:<\/h5>\t\t<\/div>\n\t\t\t\t<\/div>\n\t\t\t\t\t<\/div>\n\t\t<\/div>\n\t\t\t\t\t\t\t<\/div>\n\t\t<\/section>\n\t\t\t\t<section class=\"elementor-section elementor-top-section elementor-element elementor-element-678a756 elementor-section-boxed elementor-section-height-default elementor-section-height-default\" data-id=\"678a756\" data-element_type=\"section\" data-settings=\"{&quot;_ha_eqh_enable&quot;:false}\">\n\t\t\t\t\t\t<div class=\"elementor-container elementor-column-gap-default\">\n\t\t\t\t\t<div class=\"elementor-column elementor-col-100 elementor-top-column elementor-element elementor-element-2b82d2e\" data-id=\"2b82d2e\" data-element_type=\"column\">\n\t\t\t<div class=\"elementor-widget-wrap elementor-element-populated\">\n\t\t\t\t\t\t\t\t<div class=\"elementor-element elementor-element-8b70f4a elementor-widget elementor-widget-text-editor\" data-id=\"8b70f4a\" data-element_type=\"widget\" data-widget_type=\"text-editor.default\">\n\t\t\t\t<div class=\"elementor-widget-container\">\n\t\t\t\t\t\t\t<ul><li>Kvantitat\u00edvne hodnotenie stavu srdca<\/li><li>3D vizualiz\u00e1cia portr\u00e9tu srdca<\/li><li>Diagnostika \u0161tandardn\u00e9ho EKG sn\u00edman\u00e9ho z r\u00fak a n\u00f4h pacienta v sedavej polohe<\/li><li>Doba trvania diagnostiky menej ako 1 min\u00fata<\/li><li>Datab\u00e1za pacientov a dynamick\u00e9 porovn\u00e1vanie v\u00fdsledkov<\/li><li>Vysok\u00e1 citlivos\u0165 a \u0161pecificita. V z\u00e1vislosti od patologick\u00e9ho procesu je citlivos\u0165 pr\u00edstroja oproti \u0161tandardn\u00e9mu EKG 7-50 kr\u00e1t v\u00e4\u010d\u0161ia<\/li><li>Umo\u017e\u0148uje skor\u00fa detekciu abnormal\u00edt myokardu<\/li><li>Vyu\u017e\u00edva nov\u00e9 inform\u00e1cie z EKG fluktu\u00e1cie, ktor\u00e9 s\u00fa oby\u010dajne pri klasick\u00fdch EKG pr\u00edstrojoch ignorovan\u00e9<\/li><li>zhodnocuje stabilitu pr\u00fadov myokardu<\/li><li>deteguje mal\u00e9 metabolick\u00e9 odch\u00fdlky, ktor\u00e9 predch\u00e1dzaj\u00fa nebezpe\u010dn\u00e9mu ischemick\u00e9mu po\u0161kodeniu myokardu<\/li><li>vy\u017eaduje \u010faleko men\u0161iu profesion\u00e1lnu zru\u010dnos\u0165 a sk\u00fasenos\u0165 pri s\u00fa\u010dasnom dosiahnut\u00ed lep\u0161\u00edch a r\u00fdchlej\u0161\u00edch v\u00fdsledkov, ako pri\u00a0klasickej EKG diagnostike<\/li><\/ul>\t\t\t\t\t\t<\/div>\n\t\t\t\t<\/div>\n\t\t\t\t\t<\/div>\n\t\t<\/div>\n\t\t\t\t\t\t\t<\/div>\n\t\t<\/section>\n\t\t\t\t<section class=\"elementor-section elementor-top-section elementor-element elementor-element-31e47b1 elementor-section-boxed elementor-section-height-default elementor-section-height-default\" data-id=\"31e47b1\" data-element_type=\"section\" data-settings=\"{&quot;_ha_eqh_enable&quot;:false}\">\n\t\t\t\t\t\t<div class=\"elementor-container elementor-column-gap-default\">\n\t\t\t\t\t<div class=\"elementor-column elementor-col-100 elementor-top-column elementor-element elementor-element-041a22a\" data-id=\"041a22a\" data-element_type=\"column\">\n\t\t\t<div class=\"elementor-widget-wrap elementor-element-populated\">\n\t\t\t\t\t\t\t\t<div class=\"elementor-element elementor-element-85c774b elementor-widget elementor-widget-spacer\" data-id=\"85c774b\" data-element_type=\"widget\" data-widget_type=\"spacer.default\">\n\t\t\t\t<div class=\"elementor-widget-container\">\n\t\t\t<style>\/*! elementor - v3.6.5 - 27-04-2022 *\/\n.e-container.e-container--row .elementor-spacer-inner{width:var(--spacer-size)}.e-container.e-container--column .elementor-spacer-inner,.elementor-column .elementor-spacer-inner{height:var(--spacer-size)}<\/style>\t\t<div class=\"elementor-spacer\">\n\t\t\t<div class=\"elementor-spacer-inner\"><\/div>\n\t\t<\/div>\n\t\t\t\t<\/div>\n\t\t\t\t<\/div>\n\t\t\t\t\t<\/div>\n\t\t<\/div>\n\t\t\t\t\t\t\t<\/div>\n\t\t<\/section>\n\t\t\t\t<section class=\"elementor-section elementor-top-section elementor-element elementor-element-d8fddb7 elementor-section-boxed elementor-section-height-default elementor-section-height-default\" data-id=\"d8fddb7\" data-element_type=\"section\" data-settings=\"{&quot;_ha_eqh_enable&quot;:false}\">\n\t\t\t\t\t\t<div class=\"elementor-container elementor-column-gap-default\">\n\t\t\t\t\t<div class=\"elementor-column elementor-col-100 elementor-top-column elementor-element elementor-element-109ba39\" data-id=\"109ba39\" data-element_type=\"column\">\n\t\t\t<div class=\"elementor-widget-wrap elementor-element-populated\">\n\t\t\t\t\t\t\t\t<div class=\"elementor-element elementor-element-388948d elementor-aspect-ratio-169 elementor-widget elementor-widget-video\" data-id=\"388948d\" data-element_type=\"widget\" data-settings=\"{&quot;youtube_url&quot;:&quot;https:\\\/\\\/youtu.be\\\/X5v4nn1fe0Y&quot;,&quot;video_type&quot;:&quot;youtube&quot;,&quot;controls&quot;:&quot;yes&quot;,&quot;aspect_ratio&quot;:&quot;169&quot;}\" data-widget_type=\"video.default\">\n\t\t\t\t<div class=\"elementor-widget-container\">\n\t\t\t<style>\/*! elementor - v3.6.5 - 27-04-2022 *\/\n.elementor-widget-video .elementor-widget-container{overflow:hidden;-webkit-transform:translateZ(0);transform:translateZ(0)}.elementor-widget-video .elementor-open-inline .elementor-custom-embed-image-overlay{position:absolute;top:0;left:0;width:100%;height:100%;background-size:cover;background-position:50%}.elementor-widget-video .elementor-custom-embed-image-overlay{cursor:pointer;text-align:center}.elementor-widget-video .elementor-custom-embed-image-overlay:hover .elementor-custom-embed-play i{opacity:1}.elementor-widget-video .elementor-custom-embed-image-overlay img{display:block;width:100%}.elementor-widget-video .e-hosted-video .elementor-video{-o-object-fit:cover;object-fit:cover}<\/style>\t\t<div class=\"elementor-wrapper elementor-fit-aspect-ratio elementor-open-inline\">\n\t\t\t<div class=\"elementor-video\"><\/div>\t\t<\/div>\n\t\t\t\t<\/div>\n\t\t\t\t<\/div>\n\t\t\t\t\t<\/div>\n\t\t<\/div>\n\t\t\t\t\t\t\t<\/div>\n\t\t<\/section>\n\t\t\t\t<section class=\"elementor-section elementor-top-section elementor-element elementor-element-818075b elementor-section-boxed elementor-section-height-default elementor-section-height-default\" data-id=\"818075b\" data-element_type=\"section\" data-settings=\"{&quot;_ha_eqh_enable&quot;:false}\">\n\t\t\t\t\t\t<div class=\"elementor-container elementor-column-gap-default\">\n\t\t\t\t\t<div class=\"elementor-column elementor-col-100 elementor-top-column elementor-element elementor-element-3250d86\" data-id=\"3250d86\" data-element_type=\"column\">\n\t\t\t<div class=\"elementor-widget-wrap elementor-element-populated\">\n\t\t\t\t\t\t\t\t<div class=\"elementor-element elementor-element-1dc6643 elementor-widget elementor-widget-spacer\" data-id=\"1dc6643\" data-element_type=\"widget\" data-widget_type=\"spacer.default\">\n\t\t\t\t<div class=\"elementor-widget-container\">\n\t\t\t\t\t<div class=\"elementor-spacer\">\n\t\t\t<div class=\"elementor-spacer-inner\"><\/div>\n\t\t<\/div>\n\t\t\t\t<\/div>\n\t\t\t\t<\/div>\n\t\t\t\t\t<\/div>\n\t\t<\/div>\n\t\t\t\t\t\t\t<\/div>\n\t\t<\/section>\n\t\t\t\t<section class=\"elementor-section elementor-top-section elementor-element elementor-element-9e52290 elementor-section-boxed elementor-section-height-default elementor-section-height-default\" data-id=\"9e52290\" data-element_type=\"section\" data-settings=\"{&quot;_ha_eqh_enable&quot;:false}\">\n\t\t\t\t\t\t<div class=\"elementor-container elementor-column-gap-default\">\n\t\t\t\t\t<div class=\"elementor-column elementor-col-33 elementor-top-column elementor-element elementor-element-00b161b\" data-id=\"00b161b\" data-element_type=\"column\">\n\t\t\t<div class=\"elementor-widget-wrap elementor-element-populated\">\n\t\t\t\t\t\t\t\t<div class=\"elementor-element elementor-element-a441adb elementor-widget elementor-widget-text-editor\" data-id=\"a441adb\" data-element_type=\"widget\" data-widget_type=\"text-editor.default\">\n\t\t\t\t<div class=\"elementor-widget-container\">\n\t\t\t\t\t\t\t<p>Na ilustra\u010dnom obr\u00e1zku je zobrazen\u00fd pr\u00edklad diagn\u00f3zy infarktu srdca z\u00edskan\u00e9ho 4 elektr\u00f3dami (oproti 6 pri \u0161tandardnom EKG). Klasick\u00e9 EKG sign\u00e1ly nepopisuj\u00fa odch\u00fdlku, typick\u00e9 krivky aVF s\u00fa pova\u017eovan\u00e9 za norm\u00e1lne.<\/p><p>Syst\u00e9m HeartVue v\u0161ak po vykonan\u00ed fluktua\u010dnej anal\u00fdzy zobrazil patologick\u00fd obraz srdcov\u00e9ho stavu (\u010derven\u00e1 \u010das\u0165 v \u013eavej a pravej komore) a pacientovi sa odpor\u00fa\u010da kompletn\u00e9 vy\u0161etrenie. N\u00e1sledn\u00e9 klinick\u00e9 vy\u0161etrenie potvrdilo z\u00e1ver z\u00edskan\u00fd z HeartVue.<\/p>\t\t\t\t\t\t<\/div>\n\t\t\t\t<\/div>\n\t\t\t\t\t<\/div>\n\t\t<\/div>\n\t\t\t\t<div class=\"elementor-column elementor-col-33 elementor-top-column elementor-element elementor-element-0f3bf12\" data-id=\"0f3bf12\" data-element_type=\"column\">\n\t\t\t<div class=\"elementor-widget-wrap elementor-element-populated\">\n\t\t\t\t\t\t\t\t<div class=\"elementor-element elementor-element-84925e9 elementor-widget elementor-widget-image\" data-id=\"84925e9\" data-element_type=\"widget\" data-widget_type=\"image.default\">\n\t\t\t\t<div class=\"elementor-widget-container\">\n\t\t\t\t\t\t\t\t\t\t\t\t\t\t\t<img loading=\"lazy\" decoding=\"async\" width=\"322\" height=\"234\" src=\"https:\/\/www.ncds.sk\/base\/wp-content\/uploads\/2022\/08\/cardio1.jpg\" class=\"attachment-large size-large\" alt=\"\" srcset=\"https:\/\/www.ncds.sk\/base\/wp-content\/uploads\/2022\/08\/cardio1.jpg 322w, https:\/\/www.ncds.sk\/base\/wp-content\/uploads\/2022\/08\/cardio1-300x218.jpg 300w\" sizes=\"auto, (max-width: 322px) 100vw, 322px\" \/>\t\t\t\t\t\t\t\t\t\t\t\t\t\t\t<\/div>\n\t\t\t\t<\/div>\n\t\t\t\t\t<\/div>\n\t\t<\/div>\n\t\t\t\t<div class=\"elementor-column elementor-col-33 elementor-top-column elementor-element elementor-element-519336b\" data-id=\"519336b\" data-element_type=\"column\">\n\t\t\t<div class=\"elementor-widget-wrap elementor-element-populated\">\n\t\t\t\t\t\t\t\t<div class=\"elementor-element elementor-element-e4191ef elementor-widget elementor-widget-image\" data-id=\"e4191ef\" data-element_type=\"widget\" data-widget_type=\"image.default\">\n\t\t\t\t<div class=\"elementor-widget-container\">\n\t\t\t\t\t\t\t\t\t\t\t\t\t\t\t<img loading=\"lazy\" decoding=\"async\" width=\"344\" height=\"255\" src=\"https:\/\/www.ncds.sk\/base\/wp-content\/uploads\/2022\/08\/cardio3.jpg\" class=\"attachment-large size-large\" alt=\"\" srcset=\"https:\/\/www.ncds.sk\/base\/wp-content\/uploads\/2022\/08\/cardio3.jpg 344w, https:\/\/www.ncds.sk\/base\/wp-content\/uploads\/2022\/08\/cardio3-300x222.jpg 300w\" sizes=\"auto, (max-width: 344px) 100vw, 344px\" \/>\t\t\t\t\t\t\t\t\t\t\t\t\t\t\t<\/div>\n\t\t\t\t<\/div>\n\t\t\t\t\t<\/div>\n\t\t<\/div>\n\t\t\t\t\t\t\t<\/div>\n\t\t<\/section>\n\t\t\t\t<section class=\"elementor-section elementor-top-section elementor-element elementor-element-62b645e elementor-section-boxed elementor-section-height-default elementor-section-height-default\" data-id=\"62b645e\" data-element_type=\"section\" data-settings=\"{&quot;_ha_eqh_enable&quot;:false}\">\n\t\t\t\t\t\t<div class=\"elementor-container elementor-column-gap-default\">\n\t\t\t\t\t<div class=\"elementor-column elementor-col-100 elementor-top-column elementor-element elementor-element-cdd7969\" data-id=\"cdd7969\" data-element_type=\"column\">\n\t\t\t<div class=\"elementor-widget-wrap elementor-element-populated\">\n\t\t\t\t\t\t\t\t<div class=\"elementor-element elementor-element-c15c71f elementor-widget elementor-widget-spacer\" data-id=\"c15c71f\" data-element_type=\"widget\" data-widget_type=\"spacer.default\">\n\t\t\t\t<div class=\"elementor-widget-container\">\n\t\t\t\t\t<div class=\"elementor-spacer\">\n\t\t\t<div class=\"elementor-spacer-inner\"><\/div>\n\t\t<\/div>\n\t\t\t\t<\/div>\n\t\t\t\t<\/div>\n\t\t\t\t\t<\/div>\n\t\t<\/div>\n\t\t\t\t\t\t\t<\/div>\n\t\t<\/section>\n\t\t\t\t<section class=\"elementor-section elementor-top-section elementor-element elementor-element-649aceef elementor-section-boxed elementor-section-height-default elementor-section-height-default\" data-id=\"649aceef\" data-element_type=\"section\" data-settings=\"{&quot;_ha_eqh_enable&quot;:false}\">\n\t\t\t\t\t\t<div class=\"elementor-container elementor-column-gap-default\">\n\t\t\t\t\t<div class=\"elementor-column elementor-col-100 elementor-top-column elementor-element elementor-element-7eff879a\" data-id=\"7eff879a\" data-element_type=\"column\">\n\t\t\t<div class=\"elementor-widget-wrap elementor-element-populated\">\n\t\t\t\t\t\t\t\t<div class=\"elementor-element elementor-element-33141213 content-align-cta-default elementor-widget elementor-widget-eael-cta-box\" data-id=\"33141213\" data-element_type=\"widget\" data-widget_type=\"eael-cta-box.default\">\n\t\t\t\t<div class=\"elementor-widget-container\">\n\t\t\t\t\t<div class=\"eael-call-to-action cta-basic bg-lite cta-preset-1\">\n        <h2 class=\"title\">Objednajte Sa Na Neinvaz\u00edvne Vy\u0161etrenie U\u017e Dnes<\/h2><p><p>Nav\u0161t\u00edvte n\u00e1s a ziskajte v\u0161etky v\u00fdhody modernej neinvaz\u00edvnej diagnostiky.<\/p><\/p><a href=\"https:\/\/www.ncds.sk\/base\/?page_id=37\" class=\"cta-button  \">Objedna\u0165 sa<\/a>\t<\/div>\n\t\t\t\t\t\t<\/div>\n\t\t\t\t<\/div>\n\t\t\t\t\t<\/div>\n\t\t<\/div>\n\t\t\t\t\t\t\t<\/div>\n\t\t<\/section>\n\t\t\t\t\t\t\t<\/div>\n\t\t","protected":false},"excerpt":{"rendered":"<p>HeartVue EKG &#8211; inovat\u00edvna diagnostika srdca \u010co je EKG diagnostika pomocou pr\u00edstroja HeartVue? Diagnostika je zalo\u017een\u00e1 na po\u010d\u00edta\u010dovej anal\u00fdze a 3D vizualiz\u00e1cii elektromagnetick\u00e9ho \u017eiarenia myokardu v n\u00edzkoamplit\u00fadnych fluktu\u00e1ci\u00e1ch \u0161tandardn\u00e9ho EKG, registrovan\u00e9ho na kon\u010datinov\u00fdch zvodoch. Syst\u00e9m umo\u017e\u0148uje u\u017e v skor\u00fdch \u0161t\u00e1di\u00e1ch detegova\u0165 pr\u00edtomnos\u0165 patologick\u00fdch zmien v srdci a aj pravdepodobnos\u0165 ich lokaliz\u00e1cie pri r\u00f4znych ochoreniach. Pri ischemickej chorobe srdca citlivos\u0165 met\u00f3dy predstavuje 80% (pri zachovan\u00ed \u0161pecificity v\u00e4c\u0161ej ako 75%). Z\u00edskan\u00e9 v\u00fdsledky predstavuj\u00fa z\u00e1klad pre uskuto\u010dnenie h\u013abkovej diagnostiky. Hlavn\u00e9 prednosti zariadenia: Kvantitat\u00edvne hodnotenie stavu srdca 3D vizualiz\u00e1cia portr\u00e9tu srdca Diagnostika \u0161tandardn\u00e9ho EKG sn\u00edman\u00e9ho z r\u00fak a n\u00f4h pacienta v sedavej polohe Doba\u2026<\/p>\n","protected":false},"author":1,"featured_media":0,"parent":19,"menu_order":0,"comment_status":"closed","ping_status":"closed","template":"","meta":{"footnotes":""},"class_list":["post-185","page","type-page","status-publish","hentry"],"blocksy_meta":{"styles_descriptor":{"styles":{"desktop":"","tablet":"","mobile":""},"google_fonts":[],"version":5}},"_links":{"self":[{"href":"https:\/\/www.ncds.sk\/base\/index.php?rest_route=\/wp\/v2\/pages\/185","targetHints":{"allow":["GET"]}}],"collection":[{"href":"https:\/\/www.ncds.sk\/base\/index.php?rest_route=\/wp\/v2\/pages"}],"about":[{"href":"https:\/\/www.ncds.sk\/base\/index.php?rest_route=\/wp\/v2\/types\/page"}],"author":[{"embeddable":true,"href":"https:\/\/www.ncds.sk\/base\/index.php?rest_route=\/wp\/v2\/users\/1"}],"replies":[{"embeddable":true,"href":"https:\/\/www.ncds.sk\/base\/index.php?rest_route=%2Fwp%2Fv2%2Fcomments&post=185"}],"version-history":[{"count":4,"href":"https:\/\/www.ncds.sk\/base\/index.php?rest_route=\/wp\/v2\/pages\/185\/revisions"}],"predecessor-version":[{"id":399,"href":"https:\/\/www.ncds.sk\/base\/index.php?rest_route=\/wp\/v2\/pages\/185\/revisions\/399"}],"up":[{"embeddable":true,"href":"https:\/\/www.ncds.sk\/base\/index.php?rest_route=\/wp\/v2\/pages\/19"}],"wp:attachment":[{"href":"https:\/\/www.ncds.sk\/base\/index.php?rest_route=%2Fwp%2Fv2%2Fmedia&parent=185"}],"curies":[{"name":"wp","href":"https:\/\/api.w.org\/{rel}","templated":true}]}}