{"id":169,"date":"2022-06-27T09:15:21","date_gmt":"2022-06-27T09:15:21","guid":{"rendered":"https:\/\/ncds.sk\/?page_id=169"},"modified":"2022-06-27T15:15:19","modified_gmt":"2022-06-27T15:15:19","slug":"neinvazivna-analyza","status":"publish","type":"page","link":"https:\/\/www.ncds.sk\/base\/?page_id=169","title":{"rendered":"Neinvaz\u00edvna anal\u00fdza"},"content":{"rendered":"\t\t<div data-elementor-type=\"wp-page\" data-elementor-id=\"169\" class=\"elementor elementor-169\">\n\t\t\t\t\t\t\t\t\t<section class=\"elementor-section elementor-top-section elementor-element elementor-element-7ae85c4 elementor-section-boxed elementor-section-height-default elementor-section-height-default\" data-id=\"7ae85c4\" data-element_type=\"section\" data-settings=\"{&quot;_ha_eqh_enable&quot;:false}\">\n\t\t\t\t\t\t<div class=\"elementor-container elementor-column-gap-default\">\n\t\t\t\t\t<div class=\"elementor-column elementor-col-100 elementor-top-column elementor-element elementor-element-2e1ca39\" data-id=\"2e1ca39\" data-element_type=\"column\">\n\t\t\t<div class=\"elementor-widget-wrap elementor-element-populated\">\n\t\t\t\t\t\t\t\t<div class=\"elementor-element elementor-element-5db0441 elementor-widget elementor-widget-heading\" data-id=\"5db0441\" data-element_type=\"widget\" data-widget_type=\"heading.default\">\n\t\t\t\t<div class=\"elementor-widget-container\">\n\t\t\t<style>\/*! elementor - v3.6.5 - 27-04-2022 *\/\n.elementor-heading-title{padding:0;margin:0;line-height:1}.elementor-widget-heading .elementor-heading-title[class*=elementor-size-]>a{color:inherit;font-size:inherit;line-height:inherit}.elementor-widget-heading .elementor-heading-title.elementor-size-small{font-size:15px}.elementor-widget-heading .elementor-heading-title.elementor-size-medium{font-size:19px}.elementor-widget-heading .elementor-heading-title.elementor-size-large{font-size:29px}.elementor-widget-heading .elementor-heading-title.elementor-size-xl{font-size:39px}.elementor-widget-heading .elementor-heading-title.elementor-size-xxl{font-size:59px}<\/style><h2 class=\"elementor-heading-title elementor-size-default\">Neinvaz\u00edvna anal\u00fdza<\/h2>\t\t<\/div>\n\t\t\t\t<\/div>\n\t\t\t\t\t<\/div>\n\t\t<\/div>\n\t\t\t\t\t\t\t<\/div>\n\t\t<\/section>\n\t\t\t\t<section class=\"elementor-section elementor-top-section elementor-element elementor-element-14cc64c elementor-section-boxed elementor-section-height-default elementor-section-height-default\" data-id=\"14cc64c\" data-element_type=\"section\" data-settings=\"{&quot;_ha_eqh_enable&quot;:false}\">\n\t\t\t\t\t\t<div class=\"elementor-container elementor-column-gap-default\">\n\t\t\t\t\t<div class=\"elementor-column elementor-col-50 elementor-top-column elementor-element elementor-element-342c120\" data-id=\"342c120\" data-element_type=\"column\">\n\t\t\t<div class=\"elementor-widget-wrap elementor-element-populated\">\n\t\t\t\t\t\t\t\t<div class=\"elementor-element elementor-element-7a7f8a2 elementor-widget elementor-widget-text-editor\" data-id=\"7a7f8a2\" data-element_type=\"widget\" data-widget_type=\"text-editor.default\">\n\t\t\t\t<div class=\"elementor-widget-container\">\n\t\t\t<style>\/*! elementor - v3.6.5 - 27-04-2022 *\/\n.elementor-widget-text-editor.elementor-drop-cap-view-stacked .elementor-drop-cap{background-color:#818a91;color:#fff}.elementor-widget-text-editor.elementor-drop-cap-view-framed .elementor-drop-cap{color:#818a91;border:3px solid;background-color:transparent}.elementor-widget-text-editor:not(.elementor-drop-cap-view-default) .elementor-drop-cap{margin-top:8px}.elementor-widget-text-editor:not(.elementor-drop-cap-view-default) .elementor-drop-cap-letter{width:1em;height:1em}.elementor-widget-text-editor .elementor-drop-cap{float:left;text-align:center;line-height:1;font-size:50px}.elementor-widget-text-editor .elementor-drop-cap-letter{display:inline-block}<\/style>\t\t\t\t<p><span style=\"color: #676767; font-family: 'Open Sans'; background-color: #f8f8f8;\">Pri slovnom spojen\u00ed \u201eanal\u00fdza krvi\u201c si hne\u010f v\u0161etci vieme predstavi\u0165 sestri\u010dku s\u00a0injek\u010dnou strieka\u010dkou v\u00a0ruke \u2013 tzv. anal\u00fdzu krvi \u201ein vitro\u201c (v sk\u00famavke).\u00a0<\/span><\/p><p><span style=\"color: #676767; font-family: 'Open Sans'; background-color: #f8f8f8;\">Pri anal\u00fdze in vitro v\u0161ak \u010dasto doch\u00e1dza k\u00a0chyb\u00e1m, ktor\u00e9 ved\u00fa k\u00a0falo\u0161ne negat\u00edvnym alebo pozit\u00edvnym v\u00fdsledkom. Je to sp\u00f4soben\u00e9 napr\u00edklad t\u00fdm, \u017ee v\u00a0mnoh\u00fdch pr\u00edpadoch nevieme ako reaguj\u00fa lieky alebo ich metabolity s\u00a0reagentmi, ktor\u00e9 sa prid\u00e1vaj\u00fa do sk\u00famavky, \u010di ned\u00e1vaj\u00fa falo\u0161n\u00fd sign\u00e1l, at\u010f.\u00a0<\/span><\/p><p><span style=\"color: #676767; font-family: 'Open Sans'; background-color: #f8f8f8;\">Preto sa vedci sna\u017eia vymyslie\u0165 diagnostick\u00e9 pr\u00edstroje, ktor\u00e9 bud\u00fa schopn\u00e9 zmera\u0165 parametre krvi, tkan\u00edv a\u00a0org\u00e1nov priamo v\u00a0tele pacienta t.j. \u201ein vivo\u201c.<\/span><\/p>\t\t\t\t\t\t<\/div>\n\t\t\t\t<\/div>\n\t\t\t\t\t<\/div>\n\t\t<\/div>\n\t\t\t\t<div class=\"elementor-column elementor-col-50 elementor-top-column elementor-element elementor-element-1969967\" data-id=\"1969967\" data-element_type=\"column\">\n\t\t\t<div class=\"elementor-widget-wrap elementor-element-populated\">\n\t\t\t\t\t\t\t\t<div class=\"elementor-element elementor-element-7ca144c elementor-widget elementor-widget-image\" data-id=\"7ca144c\" data-element_type=\"widget\" data-widget_type=\"image.default\">\n\t\t\t\t<div class=\"elementor-widget-container\">\n\t\t\t<style>\/*! elementor - v3.6.5 - 27-04-2022 *\/\n.elementor-widget-image{text-align:center}.elementor-widget-image a{display:inline-block}.elementor-widget-image a img[src$=\".svg\"]{width:48px}.elementor-widget-image img{vertical-align:middle;display:inline-block}<\/style>\t\t\t\t\t\t\t\t\t\t\t\t<img loading=\"lazy\" decoding=\"async\" width=\"587\" height=\"585\" src=\"https:\/\/www.ncds.sk\/base\/wp-content\/uploads\/2022\/06\/Ukoly.png\" class=\"attachment-large size-large\" alt=\"\" srcset=\"https:\/\/www.ncds.sk\/base\/wp-content\/uploads\/2022\/06\/Ukoly.png 587w, https:\/\/www.ncds.sk\/base\/wp-content\/uploads\/2022\/06\/Ukoly-300x300.png 300w, https:\/\/www.ncds.sk\/base\/wp-content\/uploads\/2022\/06\/Ukoly-150x150.png 150w, https:\/\/www.ncds.sk\/base\/wp-content\/uploads\/2022\/06\/Ukoly-100x100.png 100w\" sizes=\"auto, (max-width: 587px) 100vw, 587px\" \/>\t\t\t\t\t\t\t\t\t\t\t\t\t\t\t<\/div>\n\t\t\t\t<\/div>\n\t\t\t\t\t<\/div>\n\t\t<\/div>\n\t\t\t\t\t\t\t<\/div>\n\t\t<\/section>\n\t\t\t\t<section class=\"elementor-section elementor-top-section elementor-element elementor-element-367e22e elementor-section-boxed elementor-section-height-default elementor-section-height-default\" data-id=\"367e22e\" data-element_type=\"section\" data-settings=\"{&quot;_ha_eqh_enable&quot;:false}\">\n\t\t\t\t\t\t<div class=\"elementor-container elementor-column-gap-default\">\n\t\t\t\t\t<div class=\"elementor-column elementor-col-100 elementor-top-column elementor-element elementor-element-2b05a44\" data-id=\"2b05a44\" data-element_type=\"column\">\n\t\t\t<div class=\"elementor-widget-wrap elementor-element-populated\">\n\t\t\t\t\t\t\t\t<div class=\"elementor-element elementor-element-db6490c elementor-widget elementor-widget-heading\" data-id=\"db6490c\" data-element_type=\"widget\" data-widget_type=\"heading.default\">\n\t\t\t\t<div class=\"elementor-widget-container\">\n\t\t\t<h2 class=\"elementor-heading-title elementor-size-default\">\u010co pon\u00faka neinvaz\u00edvna anal\u00fdza?<\/h2>\t\t<\/div>\n\t\t\t\t<\/div>\n\t\t\t\t\t<\/div>\n\t\t<\/div>\n\t\t\t\t\t\t\t<\/div>\n\t\t<\/section>\n\t\t\t\t<section class=\"elementor-section elementor-top-section elementor-element elementor-element-e7dcdd9 elementor-section-boxed elementor-section-height-default elementor-section-height-default\" data-id=\"e7dcdd9\" data-element_type=\"section\" data-settings=\"{&quot;_ha_eqh_enable&quot;:false}\">\n\t\t\t\t\t\t<div class=\"elementor-container elementor-column-gap-default\">\n\t\t\t\t\t<div class=\"elementor-column elementor-col-100 elementor-top-column elementor-element elementor-element-2fc5695\" data-id=\"2fc5695\" data-element_type=\"column\">\n\t\t\t<div class=\"elementor-widget-wrap elementor-element-populated\">\n\t\t\t\t\t\t\t\t<div class=\"elementor-element elementor-element-932eda1 elementor-widget elementor-widget-counter\" data-id=\"932eda1\" data-element_type=\"widget\" data-widget_type=\"counter.default\">\n\t\t\t\t<div class=\"elementor-widget-container\">\n\t\t\t<style>\/*! elementor - v3.6.5 - 27-04-2022 *\/\n.elementor-counter .elementor-counter-number-wrapper{display:-webkit-box;display:-ms-flexbox;display:flex;font-size:69px;font-weight:600;line-height:1}.elementor-counter .elementor-counter-number-prefix,.elementor-counter .elementor-counter-number-suffix{-webkit-box-flex:1;-ms-flex-positive:1;flex-grow:1;white-space:pre-wrap}.elementor-counter .elementor-counter-number-prefix{text-align:right}.elementor-counter .elementor-counter-number-suffix{text-align:left}.elementor-counter .elementor-counter-title{text-align:center;font-size:19px;font-weight:400;line-height:2.5}<\/style>\t\t<div class=\"elementor-counter\">\n\t\t\t<div class=\"elementor-counter-number-wrapper\">\n\t\t\t\t<span class=\"elementor-counter-number-prefix\"><\/span>\n\t\t\t\t<span class=\"elementor-counter-number\" data-duration=\"2000\" data-to-value=\"130\" data-from-value=\"0\" data-delimiter=\".\">0<\/span>\n\t\t\t\t<span class=\"elementor-counter-number-suffix\"><\/span>\n\t\t\t<\/div>\n\t\t\t\t\t\t\t<div class=\"elementor-counter-title\">parametrov \u013eudsk\u00e9ho tela bez odberu krv\u00ed<\/div>\n\t\t\t\t\t<\/div>\n\t\t\t\t<\/div>\n\t\t\t\t<\/div>\n\t\t\t\t\t<\/div>\n\t\t<\/div>\n\t\t\t\t\t\t\t<\/div>\n\t\t<\/section>\n\t\t\t\t<section class=\"elementor-section elementor-top-section elementor-element elementor-element-81635d9 elementor-section-boxed elementor-section-height-default elementor-section-height-default\" data-id=\"81635d9\" data-element_type=\"section\" data-settings=\"{&quot;_ha_eqh_enable&quot;:false}\">\n\t\t\t\t\t\t<div class=\"elementor-container elementor-column-gap-default\">\n\t\t\t\t\t<div class=\"elementor-column elementor-col-100 elementor-top-column elementor-element elementor-element-ae82d7e\" data-id=\"ae82d7e\" data-element_type=\"column\">\n\t\t\t<div class=\"elementor-widget-wrap elementor-element-populated\">\n\t\t\t\t\t\t\t\t<div class=\"elementor-element elementor-element-ea5c6d0 elementor-widget elementor-widget-image\" data-id=\"ea5c6d0\" data-element_type=\"widget\" data-widget_type=\"image.default\">\n\t\t\t\t<div class=\"elementor-widget-container\">\n\t\t\t\t\t\t\t\t\t\t\t\t\t\t\t<img loading=\"lazy\" decoding=\"async\" width=\"375\" height=\"290\" src=\"https:\/\/www.ncds.sk\/base\/wp-content\/uploads\/2022\/06\/anesalogo.png\" class=\"attachment-large size-large\" alt=\"\" srcset=\"https:\/\/www.ncds.sk\/base\/wp-content\/uploads\/2022\/06\/anesalogo.png 375w, https:\/\/www.ncds.sk\/base\/wp-content\/uploads\/2022\/06\/anesalogo-300x232.png 300w\" sizes=\"auto, (max-width: 375px) 100vw, 375px\" \/>\t\t\t\t\t\t\t\t\t\t\t\t\t\t\t<\/div>\n\t\t\t\t<\/div>\n\t\t\t\t\t<\/div>\n\t\t<\/div>\n\t\t\t\t\t\t\t<\/div>\n\t\t<\/section>\n\t\t\t\t<section class=\"elementor-section elementor-top-section elementor-element elementor-element-d863804 elementor-section-boxed elementor-section-height-default elementor-section-height-default\" data-id=\"d863804\" data-element_type=\"section\" data-settings=\"{&quot;_ha_eqh_enable&quot;:false}\">\n\t\t\t\t\t\t<div class=\"elementor-container elementor-column-gap-default\">\n\t\t\t\t\t<div class=\"elementor-column elementor-col-100 elementor-top-column elementor-element elementor-element-923f7bc\" data-id=\"923f7bc\" data-element_type=\"column\">\n\t\t\t<div class=\"elementor-widget-wrap elementor-element-populated\">\n\t\t\t\t\t\t\t\t<div class=\"elementor-element elementor-element-657c137 elementor-widget elementor-widget-heading\" data-id=\"657c137\" data-element_type=\"widget\" data-widget_type=\"heading.default\">\n\t\t\t\t<div class=\"elementor-widget-container\">\n\t\t\t<h2 class=\"elementor-heading-title elementor-size-default\">Ako to funguje?<\/h2>\t\t<\/div>\n\t\t\t\t<\/div>\n\t\t\t\t\t<\/div>\n\t\t<\/div>\n\t\t\t\t\t\t\t<\/div>\n\t\t<\/section>\n\t\t\t\t<section class=\"elementor-section elementor-top-section elementor-element elementor-element-af71813 elementor-section-boxed elementor-section-height-default elementor-section-height-default\" data-id=\"af71813\" data-element_type=\"section\" data-settings=\"{&quot;_ha_eqh_enable&quot;:false}\">\n\t\t\t\t\t\t<div class=\"elementor-container elementor-column-gap-default\">\n\t\t\t\t\t<div class=\"elementor-column elementor-col-50 elementor-top-column elementor-element elementor-element-6790d0b\" data-id=\"6790d0b\" data-element_type=\"column\">\n\t\t\t<div class=\"elementor-widget-wrap elementor-element-populated\">\n\t\t\t\t\t\t\t\t<div class=\"elementor-element elementor-element-fdd79e7 elementor-widget elementor-widget-image\" data-id=\"fdd79e7\" data-element_type=\"widget\" data-widget_type=\"image.default\">\n\t\t\t\t<div class=\"elementor-widget-container\">\n\t\t\t\t\t\t\t\t\t\t\t\t\t\t\t<img loading=\"lazy\" decoding=\"async\" width=\"170\" height=\"233\" src=\"https:\/\/www.ncds.sk\/base\/wp-content\/uploads\/2022\/06\/malyhin_av.png\" class=\"attachment-large size-large\" alt=\"\" \/>\t\t\t\t\t\t\t\t\t\t\t\t\t\t\t<\/div>\n\t\t\t\t<\/div>\n\t\t\t\t\t<\/div>\n\t\t<\/div>\n\t\t\t\t<div class=\"elementor-column elementor-col-50 elementor-top-column elementor-element elementor-element-5eb5952\" data-id=\"5eb5952\" data-element_type=\"column\">\n\t\t\t<div class=\"elementor-widget-wrap elementor-element-populated\">\n\t\t\t\t\t\t\t\t<div class=\"elementor-element elementor-element-24b3098 elementor-widget elementor-widget-text-editor\" data-id=\"24b3098\" data-element_type=\"widget\" data-widget_type=\"text-editor.default\">\n\t\t\t\t<div class=\"elementor-widget-container\">\n\t\t\t\t\t\t\t<p><span style=\"color: #676767; font-family: 'Open Sans'; background-color: #f8f8f8;\">Mnoh\u00ed z\u00a0V\u00e1s videli vedecko-fantastick\u00e9 filmy, kde sa zdravotn\u00fd stav pacienta analyzoval pomocou laserov\u00e9ho skenera. U\u00a0n\u00e1s tie\u017e pou\u017e\u00edvame neinvaz\u00edvny analyz\u00e1tor krvi, ktor\u00fd ale vyu\u017e\u00edva termodynamick\u00e9 vz\u0165ahy v\u00a0reologick\u00fdch v\u00fdpo\u010dtoch jednotliv\u00fdch parametrov krvi.<\/span><\/p><p><span style=\"color: #676767; font-family: 'Open Sans'; background-color: #f8f8f8;\">\u00a0Profesor A. V. Malykhin zasvietil cel\u00fd svoj vedeck\u00fd \u017eivot tomu, aby sa t\u00e1to neinvaz\u00edvna met\u00f3da anal\u00fdzy krvi mohla pou\u017e\u00edva\u0165 v\u00a0medic\u00ednskej praxi.<\/span><\/p>\t\t\t\t\t\t<\/div>\n\t\t\t\t<\/div>\n\t\t\t\t\t<\/div>\n\t\t<\/div>\n\t\t\t\t\t\t\t<\/div>\n\t\t<\/section>\n\t\t\t\t<section class=\"elementor-section elementor-top-section elementor-element elementor-element-6da7f80 elementor-section-boxed elementor-section-height-default elementor-section-height-default\" data-id=\"6da7f80\" data-element_type=\"section\" data-settings=\"{&quot;_ha_eqh_enable&quot;:false}\">\n\t\t\t\t\t\t<div class=\"elementor-container elementor-column-gap-default\">\n\t\t\t\t\t<div class=\"elementor-column elementor-col-50 elementor-top-column elementor-element elementor-element-a2cef71\" data-id=\"a2cef71\" data-element_type=\"column\">\n\t\t\t<div class=\"elementor-widget-wrap elementor-element-populated\">\n\t\t\t\t\t\t\t\t<div class=\"elementor-element elementor-element-0e20569 elementor-widget elementor-widget-text-editor\" data-id=\"0e20569\" data-element_type=\"widget\" data-widget_type=\"text-editor.default\">\n\t\t\t\t<div class=\"elementor-widget-container\">\n\t\t\t\t\t\t\t<p>Hemoglob\u00edn:<\/p>\t\t\t\t\t\t<\/div>\n\t\t\t\t<\/div>\n\t\t\t\t\t<\/div>\n\t\t<\/div>\n\t\t\t\t<div class=\"elementor-column elementor-col-50 elementor-top-column elementor-element elementor-element-ac9f80c\" data-id=\"ac9f80c\" data-element_type=\"column\">\n\t\t\t<div class=\"elementor-widget-wrap elementor-element-populated\">\n\t\t\t\t\t\t\t\t<div class=\"elementor-element elementor-element-c524cc1 elementor-widget elementor-widget-text-editor\" data-id=\"c524cc1\" data-element_type=\"widget\" data-widget_type=\"text-editor.default\">\n\t\t\t\t<div class=\"elementor-widget-container\">\n\t\t\t\t\t\t\t<p><strong style=\"vertical-align: baseline; font-family: 'Open Sans'; outline: 0px; padding: 0px; margin: 0px; border: 0px; color: #676767; background-color: #f8f8f8;\">pH krvi:<\/strong><\/p>\t\t\t\t\t\t<\/div>\n\t\t\t\t<\/div>\n\t\t\t\t\t<\/div>\n\t\t<\/div>\n\t\t\t\t\t\t\t<\/div>\n\t\t<\/section>\n\t\t\t\t<section class=\"elementor-section elementor-top-section elementor-element elementor-element-c6c3466 elementor-section-boxed elementor-section-height-default elementor-section-height-default\" data-id=\"c6c3466\" data-element_type=\"section\" data-settings=\"{&quot;_ha_eqh_enable&quot;:false}\">\n\t\t\t\t\t\t<div class=\"elementor-container elementor-column-gap-default\">\n\t\t\t\t\t<div class=\"elementor-column elementor-col-50 elementor-top-column elementor-element elementor-element-a33f6a0\" data-id=\"a33f6a0\" data-element_type=\"column\">\n\t\t\t<div class=\"elementor-widget-wrap elementor-element-populated\">\n\t\t\t\t\t\t\t\t<div class=\"elementor-element elementor-element-9f32b32 elementor-widget elementor-widget-image\" data-id=\"9f32b32\" data-element_type=\"widget\" data-widget_type=\"image.default\">\n\t\t\t\t<div class=\"elementor-widget-container\">\n\t\t\t\t\t\t\t\t\t\t\t\t\t\t\t<img loading=\"lazy\" decoding=\"async\" width=\"301\" height=\"77\" src=\"https:\/\/www.ncds.sk\/base\/wp-content\/uploads\/2022\/06\/rovnica.png\" class=\"attachment-large size-large\" alt=\"\" \/>\t\t\t\t\t\t\t\t\t\t\t\t\t\t\t<\/div>\n\t\t\t\t<\/div>\n\t\t\t\t\t<\/div>\n\t\t<\/div>\n\t\t\t\t<div class=\"elementor-column elementor-col-50 elementor-top-column elementor-element elementor-element-6f88401\" data-id=\"6f88401\" data-element_type=\"column\">\n\t\t\t<div class=\"elementor-widget-wrap elementor-element-populated\">\n\t\t\t\t\t\t\t\t<div class=\"elementor-element elementor-element-4877313 elementor-widget elementor-widget-image\" data-id=\"4877313\" data-element_type=\"widget\" data-widget_type=\"image.default\">\n\t\t\t\t<div class=\"elementor-widget-container\">\n\t\t\t\t\t\t\t\t\t\t\t\t\t\t\t<img loading=\"lazy\" decoding=\"async\" width=\"301\" height=\"77\" src=\"https:\/\/www.ncds.sk\/base\/wp-content\/uploads\/2022\/06\/rovnica21.jpg\" class=\"attachment-large size-large\" alt=\"\" \/>\t\t\t\t\t\t\t\t\t\t\t\t\t\t\t<\/div>\n\t\t\t\t<\/div>\n\t\t\t\t\t<\/div>\n\t\t<\/div>\n\t\t\t\t\t\t\t<\/div>\n\t\t<\/section>\n\t\t\t\t<section class=\"elementor-section elementor-top-section elementor-element elementor-element-79d7036 elementor-section-boxed elementor-section-height-default elementor-section-height-default\" data-id=\"79d7036\" data-element_type=\"section\" data-settings=\"{&quot;_ha_eqh_enable&quot;:false}\">\n\t\t\t\t\t\t<div class=\"elementor-container elementor-column-gap-default\">\n\t\t\t\t\t<div class=\"elementor-column elementor-col-100 elementor-top-column elementor-element elementor-element-fc12687\" data-id=\"fc12687\" data-element_type=\"column\">\n\t\t\t<div class=\"elementor-widget-wrap elementor-element-populated\">\n\t\t\t\t\t\t\t\t<div class=\"elementor-element elementor-element-a834953 content-align-cta-default elementor-widget elementor-widget-eael-cta-box\" data-id=\"a834953\" data-element_type=\"widget\" data-widget_type=\"eael-cta-box.default\">\n\t\t\t\t<div class=\"elementor-widget-container\">\n\t\t\t\t\t<div class=\"eael-call-to-action cta-basic bg-lite cta-preset-1\">\n        <h1 class=\"title\">Objednajte sa na neinvaz\u00edvne vy\u0161etrenie u\u017e dnes<\/h1><p><p>Nav\u0161t\u00edvte n\u00e1s a ziskajte v\u0161etky v\u00fdhody modernej neinvaz\u00edvnej diagnostiky.<\/p><\/p><a href=\"http:\/\/\" class=\"cta-button  \">Objedna\u0165 sa<\/a>\t<\/div>\n\t\t\t\t\t\t<\/div>\n\t\t\t\t<\/div>\n\t\t\t\t\t<\/div>\n\t\t<\/div>\n\t\t\t\t\t\t\t<\/div>\n\t\t<\/section>\n\t\t\t\t\t\t\t<\/div>\n\t\t","protected":false},"excerpt":{"rendered":"<p>Neinvaz\u00edvna anal\u00fdza Pri slovnom spojen\u00ed \u201eanal\u00fdza krvi\u201c si hne\u010f v\u0161etci vieme predstavi\u0165 sestri\u010dku s\u00a0injek\u010dnou strieka\u010dkou v\u00a0ruke \u2013 tzv. anal\u00fdzu krvi \u201ein vitro\u201c (v sk\u00famavke).\u00a0 Pri anal\u00fdze in vitro v\u0161ak \u010dasto doch\u00e1dza k\u00a0chyb\u00e1m, ktor\u00e9 ved\u00fa k\u00a0falo\u0161ne negat\u00edvnym alebo pozit\u00edvnym v\u00fdsledkom. Je to sp\u00f4soben\u00e9 napr\u00edklad t\u00fdm, \u017ee v\u00a0mnoh\u00fdch pr\u00edpadoch nevieme ako reaguj\u00fa lieky alebo ich metabolity s\u00a0reagentmi, ktor\u00e9 sa prid\u00e1vaj\u00fa do sk\u00famavky, \u010di ned\u00e1vaj\u00fa falo\u0161n\u00fd sign\u00e1l, at\u010f.\u00a0 Preto sa vedci sna\u017eia vymyslie\u0165 diagnostick\u00e9 pr\u00edstroje, ktor\u00e9 bud\u00fa schopn\u00e9 zmera\u0165 parametre krvi, tkan\u00edv a\u00a0org\u00e1nov priamo v\u00a0tele pacienta t.j. \u201ein vivo\u201c. \u010co pon\u00faka neinvaz\u00edvna anal\u00fdza? 0 parametrov \u013eudsk\u00e9ho tela bez odberu krv\u00ed Ako to funguje?\u2026<\/p>\n","protected":false},"author":1,"featured_media":0,"parent":19,"menu_order":0,"comment_status":"closed","ping_status":"closed","template":"","meta":{"footnotes":""},"class_list":["post-169","page","type-page","status-publish","hentry"],"blocksy_meta":{"styles_descriptor":{"styles":{"desktop":"","tablet":"","mobile":""},"google_fonts":[],"version":5}},"_links":{"self":[{"href":"https:\/\/www.ncds.sk\/base\/index.php?rest_route=\/wp\/v2\/pages\/169","targetHints":{"allow":["GET"]}}],"collection":[{"href":"https:\/\/www.ncds.sk\/base\/index.php?rest_route=\/wp\/v2\/pages"}],"about":[{"href":"https:\/\/www.ncds.sk\/base\/index.php?rest_route=\/wp\/v2\/types\/page"}],"author":[{"embeddable":true,"href":"https:\/\/www.ncds.sk\/base\/index.php?rest_route=\/wp\/v2\/users\/1"}],"replies":[{"embeddable":true,"href":"https:\/\/www.ncds.sk\/base\/index.php?rest_route=%2Fwp%2Fv2%2Fcomments&post=169"}],"version-history":[{"count":13,"href":"https:\/\/www.ncds.sk\/base\/index.php?rest_route=\/wp\/v2\/pages\/169\/revisions"}],"predecessor-version":[{"id":685,"href":"https:\/\/www.ncds.sk\/base\/index.php?rest_route=\/wp\/v2\/pages\/169\/revisions\/685"}],"up":[{"embeddable":true,"href":"https:\/\/www.ncds.sk\/base\/index.php?rest_route=\/wp\/v2\/pages\/19"}],"wp:attachment":[{"href":"https:\/\/www.ncds.sk\/base\/index.php?rest_route=%2Fwp%2Fv2%2Fmedia&parent=169"}],"curies":[{"name":"wp","href":"https:\/\/api.w.org\/{rel}","templated":true}]}}